{"id":240,"date":"2024-05-29T13:49:31","date_gmt":"2024-05-29T13:49:31","guid":{"rendered":"https:\/\/budapestcard-hu.com\/?page_id=240"},"modified":"2025-12-30T16:01:03","modified_gmt":"2025-12-30T16:01:03","slug":"datenschutz-cookie-richtlinie","status":"publish","type":"page","link":"https:\/\/budapestcard-hu.com\/de\/privacy-cookies-policy\/","title":{"rendered":"Datenschutz- und Cookie-Richtlinien"},"content":{"rendered":"<div data-elementor-type=\"wp-page\" data-elementor-id=\"240\" class=\"elementor elementor-240\">\n\t\t\t\t<div class=\"elementor-element elementor-element-fe3d49e e-flex e-con-boxed e-con e-parent\" data-id=\"fe3d49e\" data-element_type=\"container\" data-e-type=\"container\">\n\t\t\t\t\t<div class=\"e-con-inner\">\n\t\t\t\t<div class=\"elementor-element elementor-element-d718b29 elementor-widget elementor-widget-spacer\" data-id=\"d718b29\" data-element_type=\"widget\" data-e-type=\"widget\" data-widget_type=\"spacer.default\">\n\t\t\t\t<div class=\"elementor-widget-container\">\n\t\t\t\t\t\t\t<div class=\"elementor-spacer\">\n\t\t\t<div class=\"elementor-spacer-inner\"><\/div>\n\t\t<\/div>\n\t\t\t\t\t\t<\/div>\n\t\t\t\t<\/div>\n\t\t\t\t\t<\/div>\n\t\t\t\t<\/div>\n\t\t<div class=\"elementor-element elementor-element-c4020df e-flex e-con-boxed e-con e-parent\" data-id=\"c4020df\" data-element_type=\"container\" data-e-type=\"container\" data-settings=\"{&quot;background_background&quot;:&quot;classic&quot;}\">\n\t\t\t\t\t<div class=\"e-con-inner\">\n\t\t\t\t<div class=\"elementor-element elementor-element-0d90be4 elementor-widget elementor-widget-heading\" data-id=\"0d90be4\" data-element_type=\"widget\" data-e-type=\"widget\" data-widget_type=\"heading.default\">\n\t\t\t\t<div class=\"elementor-widget-container\">\n\t\t\t\t\t<h2 class=\"elementor-heading-title elementor-size-default\">Datenschutz- und Cookie-Richtlinien<\/h2>\t\t\t\t<\/div>\n\t\t\t\t<\/div>\n\t\t\t\t\t<\/div>\n\t\t\t\t<\/div>\n\t\t<div class=\"elementor-element elementor-element-0491669 e-flex e-con-boxed e-con e-parent\" data-id=\"0491669\" data-element_type=\"container\" data-e-type=\"container\">\n\t\t\t\t\t<div class=\"e-con-inner\">\n\t\t\t\t<div class=\"elementor-element elementor-element-6efd2a3 elementor-widget elementor-widget-text-editor\" data-id=\"6efd2a3\" data-element_type=\"widget\" data-e-type=\"widget\" data-widget_type=\"text-editor.default\">\n\t\t\t\t<div class=\"elementor-widget-container\">\n\t\t\t\t\t\t\t\t\t<div><p class=\"has-text-align-justify\">Ihre Privatsph\u00e4re ist wichtig. Es ist die Datenschutz- und Cookie-Richtlinie der <span lang=\"EN-US\">www.budapestcard-hu.com<\/span> Website, Ihre Privatsph\u00e4re in Bezug auf alle Informationen zu respektieren, die auf der Website gesammelt werden k\u00f6nnen.<\/p><\/div><div><p class=\"has-text-align-justify\">Personenbezogene Daten werden nur dann abgefragt, wenn dies f\u00fcr die Erbringung unserer Dienstleistung unbedingt erforderlich ist. Diese Abfrage erfolgt auf faire und legale Weise und mit Ihrem Wissen und Ihrer Zustimmung. Wir informieren Sie auch dar\u00fcber, warum diese Daten erhoben und wie sie verwendet werden.<\/p><\/div><div><p class=\"has-text-align-justify\">Die erhobenen Daten werden nur so lange gespeichert, wie es f\u00fcr die Erbringung der angeforderten Dienstleistung erforderlich ist. Die Daten werden mit handels\u00fcblichen Mitteln gesch\u00fctzt, um Verlust und Diebstahl sowie unbefugten Zugriff, Weitergabe, Vervielf\u00e4ltigung, Nutzung oder \u00c4nderung zu verhindern.<\/p><\/div><div><p class=\"has-text-align-justify\">Personenbezogene Daten werden nicht \u00f6ffentlich zug\u00e4nglich gemacht oder an Dritte weitergegeben, es sei denn, dies ist gesetzlich vorgeschrieben.<\/p><\/div><div><p class=\"has-text-align-justify\">Diese Website kann Links zu externen Websites enthalten, die nicht von uns betrieben werden. Bitte beachten Sie, dass die <span lang=\"EN-US\">www.budapestcard-hu.com<\/span>\u00a0Die Website hat keine Kontrolle \u00fcber den Inhalt und die Praktiken dieser Websites und kann keine Verantwortung f\u00fcr deren jeweilige Datenschutzrichtlinien \u00fcbernehmen.<\/p><\/div><div><p class=\"has-text-align-justify\">Dem Benutzer steht es frei, die Bereitstellung der angeforderten personenbezogenen Daten abzulehnen, wobei er sich dar\u00fcber im Klaren ist, dass einige der gew\u00fcnschten Dienste dann m\u00f6glicherweise nicht bereitgestellt werden.<\/p><\/div><div><p class=\"has-text-align-justify\">Die fortgesetzte Nutzung dieser Website gilt als Zustimmung zu den Datenschutzbestimmungen. Bei Fragen zum Umgang mit Benutzerdaten und pers\u00f6nlichen Daten oder zu unseren Datenschutzbestimmungen im Allgemeinen wenden Sie sich bitte an<span class=\"apple-converted-space\">\u00a0<\/span>Kontaktieren Sie uns unter <a href=\"mailto:info@budapestcard-hu.com\">info@budapestcard-hu.com<\/a>.<\/p><\/div>\t\t\t\t\t\t\t\t<\/div>\n\t\t\t\t<\/div>\n\t\t\t\t\t<\/div>\n\t\t\t\t<\/div>\n\t\t<div class=\"elementor-element elementor-element-40c3955 e-flex e-con-boxed e-con e-parent\" data-id=\"40c3955\" data-element_type=\"container\" data-e-type=\"container\">\n\t\t\t\t\t<div class=\"e-con-inner\">\n\t\t\t\t<div class=\"elementor-element elementor-element-6fc5955 elementor-widget elementor-widget-heading\" data-id=\"6fc5955\" data-element_type=\"widget\" data-e-type=\"widget\" data-widget_type=\"heading.default\">\n\t\t\t\t<div class=\"elementor-widget-container\">\n\t\t\t\t\t<h3 class=\"elementor-heading-title elementor-size-default\">Welche personenbezogenen Daten werden erhoben und warum<\/h3>\t\t\t\t<\/div>\n\t\t\t\t<\/div>\n\t\t\t\t<div class=\"elementor-element elementor-element-146dff3 elementor-widget elementor-widget-text-editor\" data-id=\"146dff3\" data-element_type=\"widget\" data-e-type=\"widget\" data-widget_type=\"text-editor.default\">\n\t\t\t\t<div class=\"elementor-widget-container\">\n\t\t\t\t\t\t\t\t\t<p>Personenbezogene Daten entstehen nicht allein durch die Interaktion der Nutzer mit der Website. Auch durch technische Prozesse wie Kontaktformulare, Kommentare, Cookies, Analysedaten und die Einbindung von Drittanbietern entstehen personenbezogene Daten.<\/p>\t\t\t\t\t\t\t\t<\/div>\n\t\t\t\t<\/div>\n\t\t\t\t<div class=\"elementor-element elementor-element-3a67e4a elementor-widget elementor-widget-heading\" data-id=\"3a67e4a\" data-element_type=\"widget\" data-e-type=\"widget\" data-widget_type=\"heading.default\">\n\t\t\t\t<div class=\"elementor-widget-container\">\n\t\t\t\t\t<h3 class=\"elementor-heading-title elementor-size-default\">Cookies-Richtlinie<\/h3>\t\t\t\t<\/div>\n\t\t\t\t<\/div>\n\t\t\t\t<div class=\"elementor-element elementor-element-20ce0c8 elementor-widget elementor-widget-html\" data-id=\"20ce0c8\" data-element_type=\"widget\" data-e-type=\"widget\" data-widget_type=\"html.default\">\n\t\t\t\t<div class=\"elementor-widget-container\">\n\t\t\t\t\t<script id=\"CookieDeclaration\" src=\"https:\/\/consent.cookiebot.com\/137810f1-ae71-4f82-8eef-4a8aee86f2f2\/cd.js\" type=\"text\/javascript\" async><\/script>\t\t\t\t<\/div>\n\t\t\t\t<\/div>\n\t\t\t\t<div class=\"elementor-element elementor-element-9577188 elementor-widget elementor-widget-heading\" data-id=\"9577188\" data-element_type=\"widget\" data-e-type=\"widget\" data-widget_type=\"heading.default\">\n\t\t\t\t<div class=\"elementor-widget-container\">\n\t\t\t\t\t<h5 class=\"elementor-heading-title elementor-size-default\">Eingebettete Inhalte von anderen Websites<\/h5>\t\t\t\t<\/div>\n\t\t\t\t<\/div>\n\t\t\t\t<div class=\"elementor-element elementor-element-4af8325 elementor-widget elementor-widget-text-editor\" data-id=\"4af8325\" data-element_type=\"widget\" data-e-type=\"widget\" data-widget_type=\"text-editor.default\">\n\t\t\t\t<div class=\"elementor-widget-container\">\n\t\t\t\t\t\t\t\t\t<ul><li>Diese Website kann eingebettete Inhalte enthalten (z. B. Videos, Bilder, Artikel usw.). Die eingebetteten Inhalte von anderen Websites verhalten sich so, als ob der Benutzer diese Websites besucht.<span>.<\/span><\/li><\/ul>\t\t\t\t\t\t\t\t<\/div>\n\t\t\t\t<\/div>\n\t\t\t\t<div class=\"elementor-element elementor-element-adc9b9b elementor-widget elementor-widget-heading\" data-id=\"adc9b9b\" data-element_type=\"widget\" data-e-type=\"widget\" data-widget_type=\"heading.default\">\n\t\t\t\t<div class=\"elementor-widget-container\">\n\t\t\t\t\t<h3 class=\"elementor-heading-title elementor-size-default\">Ihre Rechte an Ihren Daten<\/h3>\t\t\t\t<\/div>\n\t\t\t\t<\/div>\n\t\t\t\t<div class=\"elementor-element elementor-element-9b92906 elementor-widget elementor-widget-text-editor\" data-id=\"9b92906\" data-element_type=\"widget\" data-e-type=\"widget\" data-widget_type=\"text-editor.default\">\n\t\t\t\t<div class=\"elementor-widget-container\">\n\t\t\t\t\t\t\t\t\t<p><span>Wenn Sie auf dieser Website Kommentare hinterlassen haben, k\u00f6nnen Sie eine Exportdatei mit den \u00fcber Sie gespeicherten personenbezogenen Daten anfordern, einschlie\u00dflich der von Ihnen angegebenen personenbezogenen Daten. Sie k\u00f6nnen auch die L\u00f6schung der gespeicherten Daten verlangen. Ausgenommen hiervon sind personenbezogene Daten, deren Aufbewahrung zu administrativen, rechtlichen oder sicherheitsrelevanten Zwecken erforderlich ist.<\/span><\/p><p><span lang=\"EN-US\">Wenn Sie Fragen zu unserer Datenschutzrichtlinie haben oder pers\u00f6nliche Informationen \u00e4ndern, aktualisieren oder entfernen m\u00f6chten, senden Sie eine E-Mail an <a href=\"mailto:info@budapestcard-hu.com\">info@budapestcard-hu.com<\/a><\/span><span lang=\"EN-US\">.<\/span><\/p>\t\t\t\t\t\t\t\t<\/div>\n\t\t\t\t<\/div>\n\t\t\t\t<div class=\"elementor-element elementor-element-f59c542 elementor-widget elementor-widget-heading\" data-id=\"f59c542\" data-element_type=\"widget\" data-e-type=\"widget\" data-widget_type=\"heading.default\">\n\t\t\t\t<div class=\"elementor-widget-container\">\n\t\t\t\t\t<h3 class=\"elementor-heading-title elementor-size-default\">Gesch\u00e4ftsbedingungen<\/h3>\t\t\t\t<\/div>\n\t\t\t\t<\/div>\n\t\t\t\t<div class=\"elementor-element elementor-element-efc1b4c elementor-widget elementor-widget-text-editor\" data-id=\"efc1b4c\" data-element_type=\"widget\" data-e-type=\"widget\" data-widget_type=\"text-editor.default\">\n\t\t\t\t<div class=\"elementor-widget-container\">\n\t\t\t\t\t\t\t\t\t<p><span>Wenn Sie Fragen zu den Allgemeinen Gesch\u00e4ftsbedingungen f\u00fcr die Nutzung dieser Website haben, lesen Sie bitte unsere\u00a0<\/span><a href=\"https:\/\/budapestcard-hu.com\/de\/haftungsausschluss-und-geschaftsbedingungen\/\">Haftungsausschluss und Allgemeine Gesch\u00e4ftsbedingungen<\/a><span>\u00a0Seite.<\/span><\/p>\t\t\t\t\t\t\t\t<\/div>\n\t\t\t\t<\/div>\n\t\t\t\t\t<\/div>\n\t\t\t\t<\/div>\n\t\t\t\t<\/div>","protected":false},"excerpt":{"rendered":"<p>Privacy &#038; Cookies Policy Your privacy is important. It is the Privacy &amp; Cookies Policy of the www.budapestcard-hu.com website to respect your privacy in relation to any information that may be collected on the website. Personal information is requested only when it is really necessary to provide you with a [&hellip;]<\/p>\n","protected":false},"author":1,"featured_media":0,"parent":0,"menu_order":0,"comment_status":"closed","ping_status":"closed","template":"page-templates\/template-pagebuilder-full-width.php","meta":{"footnotes":""},"class_list":["post-240","page","type-page","status-publish","hentry"],"yoast_head":"<!-- This site is optimized with the Yoast SEO plugin v27.5 - https:\/\/yoast.com\/product\/yoast-seo-wordpress\/ -->\n<title>Privacy &amp; Cookies Policy<\/title>\n<meta name=\"description\" content=\"Please check here the complete Privacy &amp; Cookies Policy of this website in relation to any information that may be collected.\" \/>\n<meta name=\"robots\" content=\"index, follow, max-snippet:-1, max-image-preview:large, max-video-preview:-1\" \/>\n<link rel=\"canonical\" href=\"https:\/\/budapestcard-hu.com\/de\/datenschutz-cookie-richtlinie\/\" \/>\n<meta property=\"og:locale\" content=\"de_DE\" \/>\n<meta property=\"og:type\" content=\"article\" \/>\n<meta property=\"og:title\" content=\"Privacy &amp; Cookies Policy\" \/>\n<meta property=\"og:description\" content=\"Please check here the complete Privacy &amp; Cookies Policy of this website in relation to any information that may be collected.\" \/>\n<meta property=\"og:url\" content=\"https:\/\/budapestcard-hu.com\/de\/datenschutz-cookie-richtlinie\/\" \/>\n<meta property=\"og:site_name\" content=\"Budapest Card\" \/>\n<meta property=\"article:modified_time\" content=\"2025-12-30T16:01:03+00:00\" \/>\n<meta name=\"twitter:card\" content=\"summary_large_image\" \/>\n<meta name=\"twitter:label1\" content=\"Gesch\u00e4tzte Lesezeit\" \/>\n\t<meta name=\"twitter:data1\" content=\"2\u00a0Minuten\" \/>\n<script type=\"application\/ld+json\" class=\"yoast-schema-graph\">{\"@context\":\"https:\\\/\\\/schema.org\",\"@graph\":[{\"@type\":\"WebPage\",\"@id\":\"https:\\\/\\\/budapestcard-hu.com\\\/privacy-cookies-policy\\\/\",\"url\":\"https:\\\/\\\/budapestcard-hu.com\\\/privacy-cookies-policy\\\/\",\"name\":\"Privacy & Cookies Policy\",\"isPartOf\":{\"@id\":\"https:\\\/\\\/budapestcard-hu.com\\\/#website\"},\"datePublished\":\"2024-05-29T13:49:31+00:00\",\"dateModified\":\"2025-12-30T16:01:03+00:00\",\"description\":\"Please check here the complete Privacy & Cookies Policy of this website in relation to any information that may be collected.\",\"breadcrumb\":{\"@id\":\"https:\\\/\\\/budapestcard-hu.com\\\/privacy-cookies-policy\\\/#breadcrumb\"},\"inLanguage\":\"de\",\"potentialAction\":[{\"@type\":\"ReadAction\",\"target\":[\"https:\\\/\\\/budapestcard-hu.com\\\/privacy-cookies-policy\\\/\"]}]},{\"@type\":\"BreadcrumbList\",\"@id\":\"https:\\\/\\\/budapestcard-hu.com\\\/privacy-cookies-policy\\\/#breadcrumb\",\"itemListElement\":[{\"@type\":\"ListItem\",\"position\":1,\"name\":\"Home\",\"item\":\"https:\\\/\\\/budapestcard-hu.com\\\/\"},{\"@type\":\"ListItem\",\"position\":2,\"name\":\"Privacy &amp; Cookies Policy\"}]},{\"@type\":\"WebSite\",\"@id\":\"https:\\\/\\\/budapestcard-hu.com\\\/#website\",\"url\":\"https:\\\/\\\/budapestcard-hu.com\\\/\",\"name\":\"Budapest Card\",\"description\":\"\",\"publisher\":{\"@id\":\"https:\\\/\\\/budapestcard-hu.com\\\/#organization\"},\"potentialAction\":[{\"@type\":\"SearchAction\",\"target\":{\"@type\":\"EntryPoint\",\"urlTemplate\":\"https:\\\/\\\/budapestcard-hu.com\\\/?s={search_term_string}\"},\"query-input\":{\"@type\":\"PropertyValueSpecification\",\"valueRequired\":true,\"valueName\":\"search_term_string\"}}],\"inLanguage\":\"de\"},{\"@type\":\"Organization\",\"@id\":\"https:\\\/\\\/budapestcard-hu.com\\\/#organization\",\"name\":\"Budapest Card\",\"url\":\"https:\\\/\\\/budapestcard-hu.com\\\/\",\"logo\":{\"@type\":\"ImageObject\",\"inLanguage\":\"de\",\"@id\":\"https:\\\/\\\/budapestcard-hu.com\\\/#\\\/schema\\\/logo\\\/image\\\/\",\"url\":\"https:\\\/\\\/budapestcard-hu.com\\\/wp-content\\\/uploads\\\/2024\\\/05\\\/cropped-1.png\",\"contentUrl\":\"https:\\\/\\\/budapestcard-hu.com\\\/wp-content\\\/uploads\\\/2024\\\/05\\\/cropped-1.png\",\"width\":288,\"height\":269,\"caption\":\"Budapest Card\"},\"image\":{\"@id\":\"https:\\\/\\\/budapestcard-hu.com\\\/#\\\/schema\\\/logo\\\/image\\\/\"}}]}<\/script>\n<!-- \/ Yoast SEO plugin. -->","yoast_head_json":{"title":"Datenschutz- und Cookie-Richtlinien","description":"Bitte lesen Sie hier die vollst\u00e4ndige Datenschutz- und Cookie-Richtlinie dieser Website in Bezug auf alle m\u00f6glicherweise gesammelten Informationen.","robots":{"index":"index","follow":"follow","max-snippet":"max-snippet:-1","max-image-preview":"max-image-preview:large","max-video-preview":"max-video-preview:-1"},"canonical":"https:\/\/budapestcard-hu.com\/de\/datenschutz-cookie-richtlinie\/","og_locale":"de_DE","og_type":"article","og_title":"Privacy & Cookies Policy","og_description":"Please check here the complete Privacy & Cookies Policy of this website in relation to any information that may be collected.","og_url":"https:\/\/budapestcard-hu.com\/de\/datenschutz-cookie-richtlinie\/","og_site_name":"Budapest Card","article_modified_time":"2025-12-30T16:01:03+00:00","twitter_card":"summary_large_image","twitter_misc":{"Gesch\u00e4tzte Lesezeit":"2\u00a0Minuten"},"schema":{"@context":"https:\/\/schema.org","@graph":[{"@type":"WebPage","@id":"https:\/\/budapestcard-hu.com\/privacy-cookies-policy\/","url":"https:\/\/budapestcard-hu.com\/privacy-cookies-policy\/","name":"Datenschutz- und Cookie-Richtlinien","isPartOf":{"@id":"https:\/\/budapestcard-hu.com\/#website"},"datePublished":"2024-05-29T13:49:31+00:00","dateModified":"2025-12-30T16:01:03+00:00","description":"Bitte lesen Sie hier die vollst\u00e4ndige Datenschutz- und Cookie-Richtlinie dieser Website in Bezug auf alle m\u00f6glicherweise gesammelten Informationen.","breadcrumb":{"@id":"https:\/\/budapestcard-hu.com\/privacy-cookies-policy\/#breadcrumb"},"inLanguage":"de","potentialAction":[{"@type":"ReadAction","target":["https:\/\/budapestcard-hu.com\/privacy-cookies-policy\/"]}]},{"@type":"BreadcrumbList","@id":"https:\/\/budapestcard-hu.com\/privacy-cookies-policy\/#breadcrumb","itemListElement":[{"@type":"ListItem","position":1,"name":"Home","item":"https:\/\/budapestcard-hu.com\/"},{"@type":"ListItem","position":2,"name":"Privacy &amp; Cookies Policy"}]},{"@type":"WebSite","@id":"https:\/\/budapestcard-hu.com\/#website","url":"https:\/\/budapestcard-hu.com\/","name":"Budapest Card","description":"","publisher":{"@id":"https:\/\/budapestcard-hu.com\/#organization"},"potentialAction":[{"@type":"SearchAction","target":{"@type":"EntryPoint","urlTemplate":"https:\/\/budapestcard-hu.com\/?s={search_term_string}"},"query-input":{"@type":"PropertyValueSpecification","valueRequired":true,"valueName":"search_term_string"}}],"inLanguage":"de"},{"@type":"Organization","@id":"https:\/\/budapestcard-hu.com\/#organization","name":"Budapest Card","url":"https:\/\/budapestcard-hu.com\/","logo":{"@type":"ImageObject","inLanguage":"de","@id":"https:\/\/budapestcard-hu.com\/#\/schema\/logo\/image\/","url":"https:\/\/budapestcard-hu.com\/wp-content\/uploads\/2024\/05\/cropped-1.png","contentUrl":"https:\/\/budapestcard-hu.com\/wp-content\/uploads\/2024\/05\/cropped-1.png","width":288,"height":269,"caption":"Budapest Card"},"image":{"@id":"https:\/\/budapestcard-hu.com\/#\/schema\/logo\/image\/"}}]}},"_links":{"self":[{"href":"https:\/\/budapestcard-hu.com\/de\/wp-json\/wp\/v2\/pages\/240","targetHints":{"allow":["GET"]}}],"collection":[{"href":"https:\/\/budapestcard-hu.com\/de\/wp-json\/wp\/v2\/pages"}],"about":[{"href":"https:\/\/budapestcard-hu.com\/de\/wp-json\/wp\/v2\/types\/page"}],"author":[{"embeddable":true,"href":"https:\/\/budapestcard-hu.com\/de\/wp-json\/wp\/v2\/users\/1"}],"replies":[{"embeddable":true,"href":"https:\/\/budapestcard-hu.com\/de\/wp-json\/wp\/v2\/comments?post=240"}],"version-history":[{"count":0,"href":"https:\/\/budapestcard-hu.com\/de\/wp-json\/wp\/v2\/pages\/240\/revisions"}],"wp:attachment":[{"href":"https:\/\/budapestcard-hu.com\/de\/wp-json\/wp\/v2\/media?parent=240"}],"curies":[{"name":"wp","href":"https:\/\/api.w.org\/{rel}","templated":true}]}}