{"id":240,"date":"2024-05-29T13:49:31","date_gmt":"2024-05-29T13:49:31","guid":{"rendered":"https:\/\/budapestcard-hu.com\/?page_id=240"},"modified":"2025-12-30T16:01:03","modified_gmt":"2025-12-30T16:01:03","slug":"politique-de-confidentialite-des-cookies","status":"publish","type":"page","link":"https:\/\/budapestcard-hu.com\/fr\/privacy-cookies-policy\/","title":{"rendered":"Politique de confidentialit\u00e9 et de cookies"},"content":{"rendered":"<div data-elementor-type=\"wp-page\" data-elementor-id=\"240\" class=\"elementor elementor-240\">\n\t\t\t\t<div class=\"elementor-element elementor-element-fe3d49e e-flex e-con-boxed e-con e-parent\" data-id=\"fe3d49e\" data-element_type=\"container\" data-e-type=\"container\">\n\t\t\t\t\t<div class=\"e-con-inner\">\n\t\t\t\t<div class=\"elementor-element elementor-element-d718b29 elementor-widget elementor-widget-spacer\" data-id=\"d718b29\" data-element_type=\"widget\" data-e-type=\"widget\" data-widget_type=\"spacer.default\">\n\t\t\t\t<div class=\"elementor-widget-container\">\n\t\t\t\t\t\t\t<div class=\"elementor-spacer\">\n\t\t\t<div class=\"elementor-spacer-inner\"><\/div>\n\t\t<\/div>\n\t\t\t\t\t\t<\/div>\n\t\t\t\t<\/div>\n\t\t\t\t\t<\/div>\n\t\t\t\t<\/div>\n\t\t<div class=\"elementor-element elementor-element-c4020df e-flex e-con-boxed e-con e-parent\" data-id=\"c4020df\" data-element_type=\"container\" data-e-type=\"container\" data-settings=\"{&quot;background_background&quot;:&quot;classic&quot;}\">\n\t\t\t\t\t<div class=\"e-con-inner\">\n\t\t\t\t<div class=\"elementor-element elementor-element-0d90be4 elementor-widget elementor-widget-heading\" data-id=\"0d90be4\" data-element_type=\"widget\" data-e-type=\"widget\" data-widget_type=\"heading.default\">\n\t\t\t\t<div class=\"elementor-widget-container\">\n\t\t\t\t\t<h2 class=\"elementor-heading-title elementor-size-default\">Politique de confidentialit\u00e9 et de cookies<\/h2>\t\t\t\t<\/div>\n\t\t\t\t<\/div>\n\t\t\t\t\t<\/div>\n\t\t\t\t<\/div>\n\t\t<div class=\"elementor-element elementor-element-0491669 e-flex e-con-boxed e-con e-parent\" data-id=\"0491669\" data-element_type=\"container\" data-e-type=\"container\">\n\t\t\t\t\t<div class=\"e-con-inner\">\n\t\t\t\t<div class=\"elementor-element elementor-element-6efd2a3 elementor-widget elementor-widget-text-editor\" data-id=\"6efd2a3\" data-element_type=\"widget\" data-e-type=\"widget\" data-widget_type=\"text-editor.default\">\n\t\t\t\t<div class=\"elementor-widget-container\">\n\t\t\t\t\t\t\t\t\t<div><p class=\"has-text-align-justify\">Votre vie priv\u00e9e est importante. Voici la politique de confidentialit\u00e9 et de cookies de <span lang=\"EN-US\">www.budapestcard-hu.com<\/span> site Web \u00e0 respecter votre vie priv\u00e9e en ce qui concerne toute information qui pourrait \u00eatre collect\u00e9e sur le site Web.<\/p><\/div><div><p class=\"has-text-align-justify\">Les renseignements personnels ne sont demand\u00e9s que lorsqu&#039;ils sont r\u00e9ellement n\u00e9cessaires \u00e0 la fourniture d&#039;un service. Cette demande est effectu\u00e9e par des moyens justes et l\u00e9gaux, avec votre consentement et en toute connaissance de cause. Nous vous expliquons \u00e9galement pourquoi ces renseignements sont collect\u00e9s et comment ils seront utilis\u00e9s.<\/p><\/div><div><p class=\"has-text-align-justify\">Les informations collect\u00e9es ne sont conserv\u00e9es que pendant la dur\u00e9e n\u00e9cessaire \u00e0 la fourniture du service demand\u00e9. Une fois stock\u00e9es, les donn\u00e9es sont prot\u00e9g\u00e9es par des moyens commercialement acceptables afin de pr\u00e9venir la perte et le vol, ainsi que l&#039;acc\u00e8s, la divulgation, la copie, l&#039;utilisation ou la modification non autoris\u00e9s.<\/p><\/div><div><p class=\"has-text-align-justify\">Les informations personnelles identifiables ne sont pas partag\u00e9es publiquement ou avec des tiers, sauf lorsque la loi l\u2019exige.<\/p><\/div><div><p class=\"has-text-align-justify\">Ce site web peut contenir des liens vers des sites web externes que nous n&#039;exploitons pas. Veuillez noter que <span lang=\"EN-US\">www.budapestcard-hu.com<\/span>\u00a0Le site Web n&#039;a aucun contr\u00f4le sur le contenu et les pratiques de ces sites Web et ne peut accepter la responsabilit\u00e9 de leurs politiques de confidentialit\u00e9 respectives.<\/p><\/div><div><p class=\"has-text-align-justify\">L&#039;utilisateur est libre de refuser de fournir les informations personnelles demand\u00e9es, sachant que certains des services souhait\u00e9s pourraient ne pas \u00eatre fournis.<\/p><\/div><div><p class=\"has-text-align-justify\">L&#039;utilisation continue de ce site web vaut acceptation des pratiques en mati\u00e8re de confidentialit\u00e9 et de donn\u00e9es personnelles. Pour toute question concernant la gestion des donn\u00e9es utilisateur et des donn\u00e9es personnelles, ou concernant notre politique de confidentialit\u00e9 en g\u00e9n\u00e9ral, veuillez nous contacter.<span class=\"apple-converted-space\">\u00a0<\/span>contactez-nous sur <a href=\"mailto:info@budapestcard-hu.com\">info@budapestcard-hu.com<\/a>.<\/p><\/div>\t\t\t\t\t\t\t\t<\/div>\n\t\t\t\t<\/div>\n\t\t\t\t\t<\/div>\n\t\t\t\t<\/div>\n\t\t<div class=\"elementor-element elementor-element-40c3955 e-flex e-con-boxed e-con e-parent\" data-id=\"40c3955\" data-element_type=\"container\" data-e-type=\"container\">\n\t\t\t\t\t<div class=\"e-con-inner\">\n\t\t\t\t<div class=\"elementor-element elementor-element-6fc5955 elementor-widget elementor-widget-heading\" data-id=\"6fc5955\" data-element_type=\"widget\" data-e-type=\"widget\" data-widget_type=\"heading.default\">\n\t\t\t\t<div class=\"elementor-widget-container\">\n\t\t\t\t\t<h3 class=\"elementor-heading-title elementor-size-default\">Quelles donn\u00e9es personnelles sont collect\u00e9es et pourquoi<\/h3>\t\t\t\t<\/div>\n\t\t\t\t<\/div>\n\t\t\t\t<div class=\"elementor-element elementor-element-146dff3 elementor-widget elementor-widget-text-editor\" data-id=\"146dff3\" data-element_type=\"widget\" data-e-type=\"widget\" data-widget_type=\"text-editor.default\">\n\t\t\t\t<div class=\"elementor-widget-container\">\n\t\t\t\t\t\t\t\t\t<p>Les donn\u00e9es personnelles ne sont pas cr\u00e9\u00e9es uniquement par l&#039;interaction des utilisateurs avec le site web. Elles sont cr\u00e9\u00e9es par des processus techniques tels que les formulaires de contact, les commentaires, les cookies, les donn\u00e9es analytiques et l&#039;int\u00e9gration de tiers.<\/p>\t\t\t\t\t\t\t\t<\/div>\n\t\t\t\t<\/div>\n\t\t\t\t<div class=\"elementor-element elementor-element-3a67e4a elementor-widget elementor-widget-heading\" data-id=\"3a67e4a\" data-element_type=\"widget\" data-e-type=\"widget\" data-widget_type=\"heading.default\">\n\t\t\t\t<div class=\"elementor-widget-container\">\n\t\t\t\t\t<h3 class=\"elementor-heading-title elementor-size-default\">Politique relative aux cookies<\/h3>\t\t\t\t<\/div>\n\t\t\t\t<\/div>\n\t\t\t\t<div class=\"elementor-element elementor-element-20ce0c8 elementor-widget elementor-widget-html\" data-id=\"20ce0c8\" data-element_type=\"widget\" data-e-type=\"widget\" data-widget_type=\"html.default\">\n\t\t\t\t<div class=\"elementor-widget-container\">\n\t\t\t\t\t<script id=\"CookieDeclaration\" src=\"https:\/\/consent.cookiebot.com\/137810f1-ae71-4f82-8eef-4a8aee86f2f2\/cd.js\" type=\"text\/javascript\" async><\/script>\t\t\t\t<\/div>\n\t\t\t\t<\/div>\n\t\t\t\t<div class=\"elementor-element elementor-element-9577188 elementor-widget elementor-widget-heading\" data-id=\"9577188\" data-element_type=\"widget\" data-e-type=\"widget\" data-widget_type=\"heading.default\">\n\t\t\t\t<div class=\"elementor-widget-container\">\n\t\t\t\t\t<h5 class=\"elementor-heading-title elementor-size-default\">Contenu int\u00e9gr\u00e9 provenant d&#039;autres sites Web<\/h5>\t\t\t\t<\/div>\n\t\t\t\t<\/div>\n\t\t\t\t<div class=\"elementor-element elementor-element-4af8325 elementor-widget elementor-widget-text-editor\" data-id=\"4af8325\" data-element_type=\"widget\" data-e-type=\"widget\" data-widget_type=\"text-editor.default\">\n\t\t\t\t<div class=\"elementor-widget-container\">\n\t\t\t\t\t\t\t\t\t<ul><li>Ce site web peut inclure du contenu int\u00e9gr\u00e9 (par exemple\u00a0: vid\u00e9os, images, articles, etc.). Le contenu int\u00e9gr\u00e9 provenant d&#039;autres sites web se comporte comme si l&#039;utilisateur visitait ces sites.<span>.<\/span><\/li><\/ul>\t\t\t\t\t\t\t\t<\/div>\n\t\t\t\t<\/div>\n\t\t\t\t<div class=\"elementor-element elementor-element-adc9b9b elementor-widget elementor-widget-heading\" data-id=\"adc9b9b\" data-element_type=\"widget\" data-e-type=\"widget\" data-widget_type=\"heading.default\">\n\t\t\t\t<div class=\"elementor-widget-container\">\n\t\t\t\t\t<h3 class=\"elementor-heading-title elementor-size-default\">Les droits que vous avez sur vos donn\u00e9es<\/h3>\t\t\t\t<\/div>\n\t\t\t\t<\/div>\n\t\t\t\t<div class=\"elementor-element elementor-element-9b92906 elementor-widget elementor-widget-text-editor\" data-id=\"9b92906\" data-element_type=\"widget\" data-e-type=\"widget\" data-widget_type=\"text-editor.default\">\n\t\t\t\t<div class=\"elementor-widget-container\">\n\t\t\t\t\t\t\t\t\t<p><span>Si vous avez laiss\u00e9 des commentaires sur ce site web, vous pouvez demander \u00e0 recevoir un fichier contenant toutes les donn\u00e9es personnelles vous concernant, y compris celles que vous avez sp\u00e9cifi\u00e9es. Vous pouvez \u00e9galement demander la suppression des donn\u00e9es enregistr\u00e9es. Cela ne prend pas en compte les donn\u00e9es personnelles conserv\u00e9es \u00e0 des fins administratives, l\u00e9gales ou de s\u00e9curit\u00e9.<\/span><\/p><p><span lang=\"EN-US\">Si vous avez des questions sur notre politique de confidentialit\u00e9 ou souhaitez modifier, mettre \u00e0 jour ou supprimer des informations personnelles, envoyez un e-mail \u00e0 <a href=\"mailto:info@budapestcard-hu.com\">info@budapestcard-hu.com<\/a><\/span><span lang=\"EN-US\">.<\/span><\/p>\t\t\t\t\t\t\t\t<\/div>\n\t\t\t\t<\/div>\n\t\t\t\t<div class=\"elementor-element elementor-element-f59c542 elementor-widget elementor-widget-heading\" data-id=\"f59c542\" data-element_type=\"widget\" data-e-type=\"widget\" data-widget_type=\"heading.default\">\n\t\t\t\t<div class=\"elementor-widget-container\">\n\t\t\t\t\t<h3 class=\"elementor-heading-title elementor-size-default\">Termes et conditions<\/h3>\t\t\t\t<\/div>\n\t\t\t\t<\/div>\n\t\t\t\t<div class=\"elementor-element elementor-element-efc1b4c elementor-widget elementor-widget-text-editor\" data-id=\"efc1b4c\" data-element_type=\"widget\" data-e-type=\"widget\" data-widget_type=\"text-editor.default\">\n\t\t\t\t<div class=\"elementor-widget-container\">\n\t\t\t\t\t\t\t\t\t<p><span>Si vous avez des questions concernant les conditions g\u00e9n\u00e9rales d&#039;utilisation de ce site Web, consultez notre\u00a0<\/span><a href=\"https:\/\/budapestcard-hu.com\/fr\/avis-de-non-responsabilite-et-conditions-generales\/\">Avis de non-responsabilit\u00e9 et conditions g\u00e9n\u00e9rales<\/a><span>\u00a0page.<\/span><\/p>\t\t\t\t\t\t\t\t<\/div>\n\t\t\t\t<\/div>\n\t\t\t\t\t<\/div>\n\t\t\t\t<\/div>\n\t\t\t\t<\/div>","protected":false},"excerpt":{"rendered":"<p>Privacy &#038; Cookies Policy Your privacy is important. It is the Privacy &amp; Cookies Policy of the www.budapestcard-hu.com website to respect your privacy in relation to any information that may be collected on the website. Personal information is requested only when it is really necessary to provide you with a [&hellip;]<\/p>\n","protected":false},"author":1,"featured_media":0,"parent":0,"menu_order":0,"comment_status":"closed","ping_status":"closed","template":"page-templates\/template-pagebuilder-full-width.php","meta":{"footnotes":""},"class_list":["post-240","page","type-page","status-publish","hentry"],"yoast_head":"<!-- This site is optimized with the Yoast SEO plugin v27.5 - https:\/\/yoast.com\/product\/yoast-seo-wordpress\/ -->\n<title>Privacy &amp; Cookies Policy<\/title>\n<meta name=\"description\" content=\"Please check here the complete Privacy &amp; Cookies Policy of this website in relation to any information that may be collected.\" \/>\n<meta name=\"robots\" content=\"index, follow, max-snippet:-1, max-image-preview:large, max-video-preview:-1\" \/>\n<link rel=\"canonical\" href=\"https:\/\/budapestcard-hu.com\/fr\/politique-de-confidentialite-des-cookies\/\" \/>\n<meta property=\"og:locale\" content=\"fr_FR\" \/>\n<meta property=\"og:type\" content=\"article\" \/>\n<meta property=\"og:title\" content=\"Privacy &amp; Cookies Policy\" \/>\n<meta property=\"og:description\" content=\"Please check here the complete Privacy &amp; Cookies Policy of this website in relation to any information that may be collected.\" \/>\n<meta property=\"og:url\" content=\"https:\/\/budapestcard-hu.com\/fr\/politique-de-confidentialite-des-cookies\/\" \/>\n<meta property=\"og:site_name\" content=\"Budapest Card\" \/>\n<meta property=\"article:modified_time\" content=\"2025-12-30T16:01:03+00:00\" \/>\n<meta name=\"twitter:card\" content=\"summary_large_image\" \/>\n<meta name=\"twitter:label1\" content=\"Dur\u00e9e de lecture estim\u00e9e\" \/>\n\t<meta name=\"twitter:data1\" content=\"2 minutes\" \/>\n<script type=\"application\/ld+json\" class=\"yoast-schema-graph\">{\"@context\":\"https:\\\/\\\/schema.org\",\"@graph\":[{\"@type\":\"WebPage\",\"@id\":\"https:\\\/\\\/budapestcard-hu.com\\\/privacy-cookies-policy\\\/\",\"url\":\"https:\\\/\\\/budapestcard-hu.com\\\/privacy-cookies-policy\\\/\",\"name\":\"Privacy & Cookies Policy\",\"isPartOf\":{\"@id\":\"https:\\\/\\\/budapestcard-hu.com\\\/#website\"},\"datePublished\":\"2024-05-29T13:49:31+00:00\",\"dateModified\":\"2025-12-30T16:01:03+00:00\",\"description\":\"Please check here the complete Privacy & Cookies Policy of this website in relation to any information that may be collected.\",\"breadcrumb\":{\"@id\":\"https:\\\/\\\/budapestcard-hu.com\\\/privacy-cookies-policy\\\/#breadcrumb\"},\"inLanguage\":\"fr-FR\",\"potentialAction\":[{\"@type\":\"ReadAction\",\"target\":[\"https:\\\/\\\/budapestcard-hu.com\\\/privacy-cookies-policy\\\/\"]}]},{\"@type\":\"BreadcrumbList\",\"@id\":\"https:\\\/\\\/budapestcard-hu.com\\\/privacy-cookies-policy\\\/#breadcrumb\",\"itemListElement\":[{\"@type\":\"ListItem\",\"position\":1,\"name\":\"Home\",\"item\":\"https:\\\/\\\/budapestcard-hu.com\\\/\"},{\"@type\":\"ListItem\",\"position\":2,\"name\":\"Privacy &amp; Cookies Policy\"}]},{\"@type\":\"WebSite\",\"@id\":\"https:\\\/\\\/budapestcard-hu.com\\\/#website\",\"url\":\"https:\\\/\\\/budapestcard-hu.com\\\/\",\"name\":\"Budapest Card\",\"description\":\"\",\"publisher\":{\"@id\":\"https:\\\/\\\/budapestcard-hu.com\\\/#organization\"},\"potentialAction\":[{\"@type\":\"SearchAction\",\"target\":{\"@type\":\"EntryPoint\",\"urlTemplate\":\"https:\\\/\\\/budapestcard-hu.com\\\/?s={search_term_string}\"},\"query-input\":{\"@type\":\"PropertyValueSpecification\",\"valueRequired\":true,\"valueName\":\"search_term_string\"}}],\"inLanguage\":\"fr-FR\"},{\"@type\":\"Organization\",\"@id\":\"https:\\\/\\\/budapestcard-hu.com\\\/#organization\",\"name\":\"Budapest Card\",\"url\":\"https:\\\/\\\/budapestcard-hu.com\\\/\",\"logo\":{\"@type\":\"ImageObject\",\"inLanguage\":\"fr-FR\",\"@id\":\"https:\\\/\\\/budapestcard-hu.com\\\/#\\\/schema\\\/logo\\\/image\\\/\",\"url\":\"https:\\\/\\\/budapestcard-hu.com\\\/wp-content\\\/uploads\\\/2024\\\/05\\\/cropped-1.png\",\"contentUrl\":\"https:\\\/\\\/budapestcard-hu.com\\\/wp-content\\\/uploads\\\/2024\\\/05\\\/cropped-1.png\",\"width\":288,\"height\":269,\"caption\":\"Budapest Card\"},\"image\":{\"@id\":\"https:\\\/\\\/budapestcard-hu.com\\\/#\\\/schema\\\/logo\\\/image\\\/\"}}]}<\/script>\n<!-- \/ Yoast SEO plugin. -->","yoast_head_json":{"title":"Politique de confidentialit\u00e9 et de cookies","description":"Veuillez consulter ici la politique compl\u00e8te de confidentialit\u00e9 et de cookies de ce site Web en relation avec toute information pouvant \u00eatre collect\u00e9e.","robots":{"index":"index","follow":"follow","max-snippet":"max-snippet:-1","max-image-preview":"max-image-preview:large","max-video-preview":"max-video-preview:-1"},"canonical":"https:\/\/budapestcard-hu.com\/fr\/politique-de-confidentialite-des-cookies\/","og_locale":"fr_FR","og_type":"article","og_title":"Privacy & Cookies Policy","og_description":"Please check here the complete Privacy & Cookies Policy of this website in relation to any information that may be collected.","og_url":"https:\/\/budapestcard-hu.com\/fr\/politique-de-confidentialite-des-cookies\/","og_site_name":"Budapest Card","article_modified_time":"2025-12-30T16:01:03+00:00","twitter_card":"summary_large_image","twitter_misc":{"Dur\u00e9e de lecture estim\u00e9e":"2 minutes"},"schema":{"@context":"https:\/\/schema.org","@graph":[{"@type":"WebPage","@id":"https:\/\/budapestcard-hu.com\/privacy-cookies-policy\/","url":"https:\/\/budapestcard-hu.com\/privacy-cookies-policy\/","name":"Politique de confidentialit\u00e9 et de cookies","isPartOf":{"@id":"https:\/\/budapestcard-hu.com\/#website"},"datePublished":"2024-05-29T13:49:31+00:00","dateModified":"2025-12-30T16:01:03+00:00","description":"Veuillez consulter ici la politique compl\u00e8te de confidentialit\u00e9 et de cookies de ce site Web en relation avec toute information pouvant \u00eatre collect\u00e9e.","breadcrumb":{"@id":"https:\/\/budapestcard-hu.com\/privacy-cookies-policy\/#breadcrumb"},"inLanguage":"fr-FR","potentialAction":[{"@type":"ReadAction","target":["https:\/\/budapestcard-hu.com\/privacy-cookies-policy\/"]}]},{"@type":"BreadcrumbList","@id":"https:\/\/budapestcard-hu.com\/privacy-cookies-policy\/#breadcrumb","itemListElement":[{"@type":"ListItem","position":1,"name":"Home","item":"https:\/\/budapestcard-hu.com\/"},{"@type":"ListItem","position":2,"name":"Privacy &amp; Cookies Policy"}]},{"@type":"WebSite","@id":"https:\/\/budapestcard-hu.com\/#website","url":"https:\/\/budapestcard-hu.com\/","name":"Carte de Budapest","description":"","publisher":{"@id":"https:\/\/budapestcard-hu.com\/#organization"},"potentialAction":[{"@type":"SearchAction","target":{"@type":"EntryPoint","urlTemplate":"https:\/\/budapestcard-hu.com\/?s={search_term_string}"},"query-input":{"@type":"PropertyValueSpecification","valueRequired":true,"valueName":"search_term_string"}}],"inLanguage":"fr-FR"},{"@type":"Organization","@id":"https:\/\/budapestcard-hu.com\/#organization","name":"Carte de Budapest","url":"https:\/\/budapestcard-hu.com\/","logo":{"@type":"ImageObject","inLanguage":"fr-FR","@id":"https:\/\/budapestcard-hu.com\/#\/schema\/logo\/image\/","url":"https:\/\/budapestcard-hu.com\/wp-content\/uploads\/2024\/05\/cropped-1.png","contentUrl":"https:\/\/budapestcard-hu.com\/wp-content\/uploads\/2024\/05\/cropped-1.png","width":288,"height":269,"caption":"Budapest Card"},"image":{"@id":"https:\/\/budapestcard-hu.com\/#\/schema\/logo\/image\/"}}]}},"_links":{"self":[{"href":"https:\/\/budapestcard-hu.com\/fr\/wp-json\/wp\/v2\/pages\/240","targetHints":{"allow":["GET"]}}],"collection":[{"href":"https:\/\/budapestcard-hu.com\/fr\/wp-json\/wp\/v2\/pages"}],"about":[{"href":"https:\/\/budapestcard-hu.com\/fr\/wp-json\/wp\/v2\/types\/page"}],"author":[{"embeddable":true,"href":"https:\/\/budapestcard-hu.com\/fr\/wp-json\/wp\/v2\/users\/1"}],"replies":[{"embeddable":true,"href":"https:\/\/budapestcard-hu.com\/fr\/wp-json\/wp\/v2\/comments?post=240"}],"version-history":[{"count":0,"href":"https:\/\/budapestcard-hu.com\/fr\/wp-json\/wp\/v2\/pages\/240\/revisions"}],"wp:attachment":[{"href":"https:\/\/budapestcard-hu.com\/fr\/wp-json\/wp\/v2\/media?parent=240"}],"curies":[{"name":"wp","href":"https:\/\/api.w.org\/{rel}","templated":true}]}}