{"id":240,"date":"2024-05-29T13:49:31","date_gmt":"2024-05-29T13:49:31","guid":{"rendered":"https:\/\/budapestcard-hu.com\/?page_id=240"},"modified":"2025-12-30T16:01:03","modified_gmt":"2025-12-30T16:01:03","slug":"adatvedelmi-cookie-kra-vonatkozo-szabalyzat","status":"publish","type":"page","link":"https:\/\/budapestcard-hu.com\/hu\/privacy-cookies-policy\/","title":{"rendered":"Adatv\u00e9delmi \u00e9s cookie-kra vonatkoz\u00f3 szab\u00e1lyzat"},"content":{"rendered":"<div data-elementor-type=\"wp-page\" data-elementor-id=\"240\" class=\"elementor elementor-240\">\n\t\t\t\t<div class=\"elementor-element elementor-element-fe3d49e e-flex e-con-boxed e-con e-parent\" data-id=\"fe3d49e\" data-element_type=\"container\" data-e-type=\"container\">\n\t\t\t\t\t<div class=\"e-con-inner\">\n\t\t\t\t<div class=\"elementor-element elementor-element-d718b29 elementor-widget elementor-widget-spacer\" data-id=\"d718b29\" data-element_type=\"widget\" data-e-type=\"widget\" data-widget_type=\"spacer.default\">\n\t\t\t\t<div class=\"elementor-widget-container\">\n\t\t\t\t\t\t\t<div class=\"elementor-spacer\">\n\t\t\t<div class=\"elementor-spacer-inner\"><\/div>\n\t\t<\/div>\n\t\t\t\t\t\t<\/div>\n\t\t\t\t<\/div>\n\t\t\t\t\t<\/div>\n\t\t\t\t<\/div>\n\t\t<div class=\"elementor-element elementor-element-c4020df e-flex e-con-boxed e-con e-parent\" data-id=\"c4020df\" data-element_type=\"container\" data-e-type=\"container\" data-settings=\"{&quot;background_background&quot;:&quot;classic&quot;}\">\n\t\t\t\t\t<div class=\"e-con-inner\">\n\t\t\t\t<div class=\"elementor-element elementor-element-0d90be4 elementor-widget elementor-widget-heading\" data-id=\"0d90be4\" data-element_type=\"widget\" data-e-type=\"widget\" data-widget_type=\"heading.default\">\n\t\t\t\t<div class=\"elementor-widget-container\">\n\t\t\t\t\t<h2 class=\"elementor-heading-title elementor-size-default\">Adatv\u00e9delmi \u00e9s cookie-kra vonatkoz\u00f3 szab\u00e1lyzat<\/h2>\t\t\t\t<\/div>\n\t\t\t\t<\/div>\n\t\t\t\t\t<\/div>\n\t\t\t\t<\/div>\n\t\t<div class=\"elementor-element elementor-element-0491669 e-flex e-con-boxed e-con e-parent\" data-id=\"0491669\" data-element_type=\"container\" data-e-type=\"container\">\n\t\t\t\t\t<div class=\"e-con-inner\">\n\t\t\t\t<div class=\"elementor-element elementor-element-6efd2a3 elementor-widget elementor-widget-text-editor\" data-id=\"6efd2a3\" data-element_type=\"widget\" data-e-type=\"widget\" data-widget_type=\"text-editor.default\">\n\t\t\t\t<div class=\"elementor-widget-container\">\n\t\t\t\t\t\t\t\t\t<div><p class=\"has-text-align-justify\">Az \u00d6n mag\u00e1n\u00e9lete fontos. Ez az adatv\u00e9delmi \u00e9s cookie-kra vonatkoz\u00f3 szab\u00e1lyzata <span lang=\"EN-US\">www.budapestcard-hu.com<\/span> weboldalon, hogy tiszteletben tartsa az \u00d6n szem\u00e9lyes adatait a webhelyen gy\u0171jt\u00f6tt inform\u00e1ci\u00f3kkal kapcsolatban.<\/p><\/div><div><p class=\"has-text-align-justify\">Szem\u00e9lyes adatokat csak akkor k\u00e9r\u00fcnk, ha val\u00f3ban sz\u00fcks\u00e9ges egy szolg\u00e1ltat\u00e1s ny\u00fajt\u00e1s\u00e1hoz. Ezt a k\u00e9r\u00e9st tisztess\u00e9ges \u00e9s t\u00f6rv\u00e9nyes \u00faton, az \u00d6n tudt\u00e1val \u00e9s beleegyez\u00e9s\u00e9vel terjesztik el\u0151. Azt is elmondjuk, hogy mi\u00e9rt gy\u0171jtik ezeket az inform\u00e1ci\u00f3kat, \u00e9s hogyan fogj\u00e1k azokat felhaszn\u00e1lni.<\/p><\/div><div><p class=\"has-text-align-justify\">Az \u00f6sszegy\u0171jt\u00f6tt inform\u00e1ci\u00f3kat csak a k\u00e9rt szolg\u00e1ltat\u00e1s ny\u00fajt\u00e1s\u00e1hoz sz\u00fcks\u00e9ges ideig \u0151rzik meg. Az adatok t\u00e1rol\u00e1sa sor\u00e1n azokat kereskedelmileg elfogadhat\u00f3 eszk\u00f6z\u00f6kkel v\u00e9dik az elveszt\u00e9s \u00e9s ellop\u00e1s, valamint a jogosulatlan hozz\u00e1f\u00e9r\u00e9s, nyilv\u00e1noss\u00e1gra hozatal, m\u00e1sol\u00e1s, felhaszn\u00e1l\u00e1s vagy m\u00f3dos\u00edt\u00e1s megel\u0151z\u00e9se \u00e9rdek\u00e9ben.<\/p><\/div><div><p class=\"has-text-align-justify\">A szem\u00e9lyazonos\u00edt\u00e1sra alkalmas adatokat nem osztj\u00e1k meg nyilv\u00e1nosan vagy harmadik felekkel, kiv\u00e9ve, ha azt t\u00f6rv\u00e9ny \u00edrja el\u0151.<\/p><\/div><div><p class=\"has-text-align-justify\">Ez a webhely olyan k\u00fcls\u0151 webhelyekre mutat\u00f3 hivatkoz\u00e1sokat tartalmazhat, amelyeket nem mi \u00fczemeltet\u00fcnk. K\u00e9rj\u00fck, vegye figyelembe, hogy a <span lang=\"EN-US\">www.budapestcard-hu.com<\/span>\u00a0A weboldal nem rendelkezik befoly\u00e1ssal ezen webhelyek tartalm\u00e1ra \u00e9s gyakorlat\u00e1ra, \u00e9s nem v\u00e1llal felel\u0151ss\u00e9get a vonatkoz\u00f3 adatv\u00e9delmi szab\u00e1lyzatok\u00e9rt.<\/p><\/div><div><p class=\"has-text-align-justify\">A felhaszn\u00e1l\u00f3 szabadon megtagadhatja a k\u00e9rt szem\u00e9lyes adatok megad\u00e1s\u00e1t, azzal a tudattal, hogy a k\u00edv\u00e1nt szolg\u00e1ltat\u00e1sok egy r\u00e9sze esetleg nem lesz el\u00e9rhet\u0151.<\/p><\/div><div><p class=\"has-text-align-justify\">A weboldal tov\u00e1bbi haszn\u00e1lata az adatv\u00e9delemmel \u00e9s a szem\u00e9lyes adatokkal kapcsolatos gyakorlat elfogad\u00e1s\u00e1nak min\u0151s\u00fcl. Ha b\u00e1rmilyen k\u00e9rd\u00e9se van a felhaszn\u00e1l\u00f3i adatok \u00e9s szem\u00e9lyes adatok kezel\u00e9s\u00e9vel, vagy \u00e1ltal\u00e1ban az adatv\u00e9delmi szab\u00e1lyzatunkkal kapcsolatban, k\u00e9rj\u00fck, k\u00e9rj\u00fck<span class=\"apple-converted-space\">\u00a0<\/span>vegye fel vel\u00fcnk a kapcsolatot <a href=\"mailto:info@budapestcard-hu.com\">info@budapestcard-hu.com<\/a>.<\/p><\/div>\t\t\t\t\t\t\t\t<\/div>\n\t\t\t\t<\/div>\n\t\t\t\t\t<\/div>\n\t\t\t\t<\/div>\n\t\t<div class=\"elementor-element elementor-element-40c3955 e-flex e-con-boxed e-con e-parent\" data-id=\"40c3955\" data-element_type=\"container\" data-e-type=\"container\">\n\t\t\t\t\t<div class=\"e-con-inner\">\n\t\t\t\t<div class=\"elementor-element elementor-element-6fc5955 elementor-widget elementor-widget-heading\" data-id=\"6fc5955\" data-element_type=\"widget\" data-e-type=\"widget\" data-widget_type=\"heading.default\">\n\t\t\t\t<div class=\"elementor-widget-container\">\n\t\t\t\t\t<h3 class=\"elementor-heading-title elementor-size-default\">Milyen szem\u00e9lyes adatokat gy\u0171jtenek \u00e9s mi\u00e9rt<\/h3>\t\t\t\t<\/div>\n\t\t\t\t<\/div>\n\t\t\t\t<div class=\"elementor-element elementor-element-146dff3 elementor-widget elementor-widget-text-editor\" data-id=\"146dff3\" data-element_type=\"widget\" data-e-type=\"widget\" data-widget_type=\"text-editor.default\">\n\t\t\t\t<div class=\"elementor-widget-container\">\n\t\t\t\t\t\t\t\t\t<p>A szem\u00e9lyes adatok nem kiz\u00e1r\u00f3lag a felhaszn\u00e1l\u00f3knak a weboldallal val\u00f3 interakci\u00f3j\u00e1b\u00f3l sz\u00e1rmaznak. A szem\u00e9lyes adatok olyan technikai folyamatok r\u00e9v\u00e9n j\u00f6nnek l\u00e9tre, mint a kapcsolatfelv\u00e9teli \u0171rlapok, megjegyz\u00e9sek, s\u00fctik, analitikai adatok, valamint harmadik felek bevon\u00e1sa.<\/p>\t\t\t\t\t\t\t\t<\/div>\n\t\t\t\t<\/div>\n\t\t\t\t<div class=\"elementor-element elementor-element-3a67e4a elementor-widget elementor-widget-heading\" data-id=\"3a67e4a\" data-element_type=\"widget\" data-e-type=\"widget\" data-widget_type=\"heading.default\">\n\t\t\t\t<div class=\"elementor-widget-container\">\n\t\t\t\t\t<h3 class=\"elementor-heading-title elementor-size-default\">Cookie-kra vonatkoz\u00f3 szab\u00e1lyzat<\/h3>\t\t\t\t<\/div>\n\t\t\t\t<\/div>\n\t\t\t\t<div class=\"elementor-element elementor-element-20ce0c8 elementor-widget elementor-widget-html\" data-id=\"20ce0c8\" data-element_type=\"widget\" data-e-type=\"widget\" data-widget_type=\"html.default\">\n\t\t\t\t<div class=\"elementor-widget-container\">\n\t\t\t\t\t<script id=\"CookieDeclaration\" src=\"https:\/\/consent.cookiebot.com\/137810f1-ae71-4f82-8eef-4a8aee86f2f2\/cd.js\" type=\"text\/javascript\" async><\/script>\t\t\t\t<\/div>\n\t\t\t\t<\/div>\n\t\t\t\t<div class=\"elementor-element elementor-element-9577188 elementor-widget elementor-widget-heading\" data-id=\"9577188\" data-element_type=\"widget\" data-e-type=\"widget\" data-widget_type=\"heading.default\">\n\t\t\t\t<div class=\"elementor-widget-container\">\n\t\t\t\t\t<h5 class=\"elementor-heading-title elementor-size-default\">Be\u00e1gyazott tartalom m\u00e1s webhelyekr\u0151l<\/h5>\t\t\t\t<\/div>\n\t\t\t\t<\/div>\n\t\t\t\t<div class=\"elementor-element elementor-element-4af8325 elementor-widget elementor-widget-text-editor\" data-id=\"4af8325\" data-element_type=\"widget\" data-e-type=\"widget\" data-widget_type=\"text-editor.default\">\n\t\t\t\t<div class=\"elementor-widget-container\">\n\t\t\t\t\t\t\t\t\t<ul><li>Ez a webhely tartalmazhat be\u00e1gyazott tartalmat (p\u00e9ld\u00e1ul: vide\u00f3kat, k\u00e9peket, cikkeket stb.). A m\u00e1s webhelyekr\u0151l sz\u00e1rmaz\u00f3 be\u00e1gyazott tartalom \u00fagy viselkedik, mintha a felhaszn\u00e1l\u00f3 ezeket a webhelyeket l\u00e1togatn\u00e1 meg<span>.<\/span><\/li><\/ul>\t\t\t\t\t\t\t\t<\/div>\n\t\t\t\t<\/div>\n\t\t\t\t<div class=\"elementor-element elementor-element-adc9b9b elementor-widget elementor-widget-heading\" data-id=\"adc9b9b\" data-element_type=\"widget\" data-e-type=\"widget\" data-widget_type=\"heading.default\">\n\t\t\t\t<div class=\"elementor-widget-container\">\n\t\t\t\t\t<h3 class=\"elementor-heading-title elementor-size-default\">Az \u00d6n adataival kapcsolatos jogai<\/h3>\t\t\t\t<\/div>\n\t\t\t\t<\/div>\n\t\t\t\t<div class=\"elementor-element elementor-element-9b92906 elementor-widget elementor-widget-text-editor\" data-id=\"9b92906\" data-element_type=\"widget\" data-e-type=\"widget\" data-widget_type=\"text-editor.default\">\n\t\t\t\t<div class=\"elementor-widget-container\">\n\t\t\t\t\t\t\t\t\t<p><span>Ha megjegyz\u00e9seket tett ezen a weboldalon, k\u00e9rhet egy exportf\u00e1jlt az \u00d6nr\u0151l t\u00e1rolt szem\u00e9lyes adatokkal, bele\u00e9rtve az \u00d6n \u00e1ltal megadott szem\u00e9lyes adatokat is. K\u00e9rheti a mentett adatok t\u00f6rl\u00e9s\u00e9t is. Ez nem foglalja mag\u00e1ban azokat a szem\u00e9lyes adatokat, amelyeket adminisztrat\u00edv, jogi vagy biztons\u00e1gi c\u00e9lb\u00f3l meg kell \u0151rizni.<\/span><\/p><p><span lang=\"EN-US\">Ha b\u00e1rmilyen k\u00e9rd\u00e9se van az adatv\u00e9delmi szab\u00e1lyzatunkkal kapcsolatban, vagy b\u00e1rmilyen szem\u00e9lyes adatot m\u00f3dos\u00edtani, friss\u00edteni vagy elt\u00e1vol\u00edtani szeretne, k\u00fcldj\u00f6n egy e-mailt a c\u00edmre <a href=\"mailto:info@budapestcard-hu.com\">info@budapestcard-hu.com<\/a><\/span><span lang=\"EN-US\">.<\/span><\/p>\t\t\t\t\t\t\t\t<\/div>\n\t\t\t\t<\/div>\n\t\t\t\t<div class=\"elementor-element elementor-element-f59c542 elementor-widget elementor-widget-heading\" data-id=\"f59c542\" data-element_type=\"widget\" data-e-type=\"widget\" data-widget_type=\"heading.default\">\n\t\t\t\t<div class=\"elementor-widget-container\">\n\t\t\t\t\t<h3 class=\"elementor-heading-title elementor-size-default\">Felhaszn\u00e1l\u00e1si felt\u00e9telek<\/h3>\t\t\t\t<\/div>\n\t\t\t\t<\/div>\n\t\t\t\t<div class=\"elementor-element elementor-element-efc1b4c elementor-widget elementor-widget-text-editor\" data-id=\"efc1b4c\" data-element_type=\"widget\" data-e-type=\"widget\" data-widget_type=\"text-editor.default\">\n\t\t\t\t<div class=\"elementor-widget-container\">\n\t\t\t\t\t\t\t\t\t<p><span>Ha b\u00e1rmilyen k\u00e9rd\u00e9se van a jelen weboldal haszn\u00e1lat\u00e1val kapcsolatos \u00e1ltal\u00e1nos szerz\u0151d\u00e9si felt\u00e9telekkel kapcsolatban, tekintse meg oldalunkat\u00a0<\/span><a href=\"https:\/\/budapestcard-hu.com\/hu\/felelossegkizaras-es-a-feltetelek-erosito-feltetelei\/\">Felel\u0151ss\u00e9gi nyilatkozat \u00e9s \u00c1ltal\u00e1nos Szerz\u0151d\u00e9si Felt\u00e9telek<\/a><span>\u00a0oldalon.<\/span><\/p>\t\t\t\t\t\t\t\t<\/div>\n\t\t\t\t<\/div>\n\t\t\t\t\t<\/div>\n\t\t\t\t<\/div>\n\t\t\t\t<\/div>","protected":false},"excerpt":{"rendered":"<p>Privacy &#038; Cookies Policy Your privacy is important. It is the Privacy &amp; Cookies Policy of the www.budapestcard-hu.com website to respect your privacy in relation to any information that may be collected on the website. Personal information is requested only when it is really necessary to provide you with a [&hellip;]<\/p>\n","protected":false},"author":1,"featured_media":0,"parent":0,"menu_order":0,"comment_status":"closed","ping_status":"closed","template":"page-templates\/template-pagebuilder-full-width.php","meta":{"footnotes":""},"class_list":["post-240","page","type-page","status-publish","hentry"],"yoast_head":"<!-- This site is optimized with the Yoast SEO plugin v27.6 - https:\/\/yoast.com\/product\/yoast-seo-wordpress\/ -->\n<title>Privacy &amp; Cookies Policy<\/title>\n<meta name=\"description\" content=\"Please check here the complete Privacy &amp; Cookies Policy of this website in relation to any information that may be collected.\" \/>\n<meta name=\"robots\" content=\"index, follow, max-snippet:-1, max-image-preview:large, max-video-preview:-1\" \/>\n<link rel=\"canonical\" href=\"https:\/\/budapestcard-hu.com\/hu\/adatvedelmi-cookie-kra-vonatkozo-szabalyzat\/\" \/>\n<meta property=\"og:locale\" content=\"hu_HU\" \/>\n<meta property=\"og:type\" content=\"article\" \/>\n<meta property=\"og:title\" content=\"Privacy &amp; Cookies Policy\" \/>\n<meta property=\"og:description\" content=\"Please check here the complete Privacy &amp; Cookies Policy of this website in relation to any information that may be collected.\" \/>\n<meta property=\"og:url\" content=\"https:\/\/budapestcard-hu.com\/hu\/adatvedelmi-cookie-kra-vonatkozo-szabalyzat\/\" \/>\n<meta property=\"og:site_name\" content=\"Budapest Card\" \/>\n<meta property=\"article:modified_time\" content=\"2025-12-30T16:01:03+00:00\" \/>\n<meta name=\"twitter:card\" content=\"summary_large_image\" \/>\n<meta name=\"twitter:label1\" content=\"Becs\u00fclt olvas\u00e1si id\u0151\" \/>\n\t<meta name=\"twitter:data1\" content=\"2 perc\" \/>\n<script type=\"application\/ld+json\" class=\"yoast-schema-graph\">{\"@context\":\"https:\\\/\\\/schema.org\",\"@graph\":[{\"@type\":\"WebPage\",\"@id\":\"https:\\\/\\\/budapestcard-hu.com\\\/privacy-cookies-policy\\\/\",\"url\":\"https:\\\/\\\/budapestcard-hu.com\\\/privacy-cookies-policy\\\/\",\"name\":\"Privacy & Cookies Policy\",\"isPartOf\":{\"@id\":\"https:\\\/\\\/budapestcard-hu.com\\\/#website\"},\"datePublished\":\"2024-05-29T13:49:31+00:00\",\"dateModified\":\"2025-12-30T16:01:03+00:00\",\"description\":\"Please check here the complete Privacy & Cookies Policy of this website in relation to any information that may be collected.\",\"breadcrumb\":{\"@id\":\"https:\\\/\\\/budapestcard-hu.com\\\/privacy-cookies-policy\\\/#breadcrumb\"},\"inLanguage\":\"hu\",\"potentialAction\":[{\"@type\":\"ReadAction\",\"target\":[\"https:\\\/\\\/budapestcard-hu.com\\\/privacy-cookies-policy\\\/\"]}]},{\"@type\":\"BreadcrumbList\",\"@id\":\"https:\\\/\\\/budapestcard-hu.com\\\/privacy-cookies-policy\\\/#breadcrumb\",\"itemListElement\":[{\"@type\":\"ListItem\",\"position\":1,\"name\":\"Home\",\"item\":\"https:\\\/\\\/budapestcard-hu.com\\\/\"},{\"@type\":\"ListItem\",\"position\":2,\"name\":\"Privacy &amp; Cookies Policy\"}]},{\"@type\":\"WebSite\",\"@id\":\"https:\\\/\\\/budapestcard-hu.com\\\/#website\",\"url\":\"https:\\\/\\\/budapestcard-hu.com\\\/\",\"name\":\"Budapest Card\",\"description\":\"\",\"publisher\":{\"@id\":\"https:\\\/\\\/budapestcard-hu.com\\\/#organization\"},\"potentialAction\":[{\"@type\":\"SearchAction\",\"target\":{\"@type\":\"EntryPoint\",\"urlTemplate\":\"https:\\\/\\\/budapestcard-hu.com\\\/?s={search_term_string}\"},\"query-input\":{\"@type\":\"PropertyValueSpecification\",\"valueRequired\":true,\"valueName\":\"search_term_string\"}}],\"inLanguage\":\"hu\"},{\"@type\":\"Organization\",\"@id\":\"https:\\\/\\\/budapestcard-hu.com\\\/#organization\",\"name\":\"Budapest Card\",\"url\":\"https:\\\/\\\/budapestcard-hu.com\\\/\",\"logo\":{\"@type\":\"ImageObject\",\"inLanguage\":\"hu\",\"@id\":\"https:\\\/\\\/budapestcard-hu.com\\\/#\\\/schema\\\/logo\\\/image\\\/\",\"url\":\"https:\\\/\\\/budapestcard-hu.com\\\/wp-content\\\/uploads\\\/2024\\\/05\\\/cropped-1.png\",\"contentUrl\":\"https:\\\/\\\/budapestcard-hu.com\\\/wp-content\\\/uploads\\\/2024\\\/05\\\/cropped-1.png\",\"width\":288,\"height\":269,\"caption\":\"Budapest Card\"},\"image\":{\"@id\":\"https:\\\/\\\/budapestcard-hu.com\\\/#\\\/schema\\\/logo\\\/image\\\/\"}}]}<\/script>\n<!-- \/ Yoast SEO plugin. -->","yoast_head_json":{"title":"Adatv\u00e9delmi \u00e9s cookie-kra vonatkoz\u00f3 szab\u00e1lyzat","description":"K\u00e9rj\u00fck, ellen\u0151rizze itt a weboldal teljes adatv\u00e9delmi \u00e9s cookie-kra vonatkoz\u00f3 szab\u00e1lyzat\u00e1t az esetlegesen gy\u0171jt\u00f6tt inform\u00e1ci\u00f3kkal kapcsolatban.","robots":{"index":"index","follow":"follow","max-snippet":"max-snippet:-1","max-image-preview":"max-image-preview:large","max-video-preview":"max-video-preview:-1"},"canonical":"https:\/\/budapestcard-hu.com\/hu\/adatvedelmi-cookie-kra-vonatkozo-szabalyzat\/","og_locale":"hu_HU","og_type":"article","og_title":"Privacy & Cookies Policy","og_description":"Please check here the complete Privacy & Cookies Policy of this website in relation to any information that may be collected.","og_url":"https:\/\/budapestcard-hu.com\/hu\/adatvedelmi-cookie-kra-vonatkozo-szabalyzat\/","og_site_name":"Budapest Card","article_modified_time":"2025-12-30T16:01:03+00:00","twitter_card":"summary_large_image","twitter_misc":{"Becs\u00fclt olvas\u00e1si id\u0151":"2 perc"},"schema":{"@context":"https:\/\/schema.org","@graph":[{"@type":"WebPage","@id":"https:\/\/budapestcard-hu.com\/privacy-cookies-policy\/","url":"https:\/\/budapestcard-hu.com\/privacy-cookies-policy\/","name":"Adatv\u00e9delmi \u00e9s cookie-kra vonatkoz\u00f3 szab\u00e1lyzat","isPartOf":{"@id":"https:\/\/budapestcard-hu.com\/#website"},"datePublished":"2024-05-29T13:49:31+00:00","dateModified":"2025-12-30T16:01:03+00:00","description":"K\u00e9rj\u00fck, ellen\u0151rizze itt a weboldal teljes adatv\u00e9delmi \u00e9s cookie-kra vonatkoz\u00f3 szab\u00e1lyzat\u00e1t az esetlegesen gy\u0171jt\u00f6tt inform\u00e1ci\u00f3kkal kapcsolatban.","breadcrumb":{"@id":"https:\/\/budapestcard-hu.com\/privacy-cookies-policy\/#breadcrumb"},"inLanguage":"hu","potentialAction":[{"@type":"ReadAction","target":["https:\/\/budapestcard-hu.com\/privacy-cookies-policy\/"]}]},{"@type":"BreadcrumbList","@id":"https:\/\/budapestcard-hu.com\/privacy-cookies-policy\/#breadcrumb","itemListElement":[{"@type":"ListItem","position":1,"name":"Home","item":"https:\/\/budapestcard-hu.com\/"},{"@type":"ListItem","position":2,"name":"Privacy &amp; Cookies Policy"}]},{"@type":"WebSite","@id":"https:\/\/budapestcard-hu.com\/#website","url":"https:\/\/budapestcard-hu.com\/","name":"Budapest K\u00e1rtya","description":"","publisher":{"@id":"https:\/\/budapestcard-hu.com\/#organization"},"potentialAction":[{"@type":"SearchAction","target":{"@type":"EntryPoint","urlTemplate":"https:\/\/budapestcard-hu.com\/?s={search_term_string}"},"query-input":{"@type":"PropertyValueSpecification","valueRequired":true,"valueName":"search_term_string"}}],"inLanguage":"hu"},{"@type":"Organization","@id":"https:\/\/budapestcard-hu.com\/#organization","name":"Budapest K\u00e1rtya","url":"https:\/\/budapestcard-hu.com\/","logo":{"@type":"ImageObject","inLanguage":"hu","@id":"https:\/\/budapestcard-hu.com\/#\/schema\/logo\/image\/","url":"https:\/\/budapestcard-hu.com\/wp-content\/uploads\/2024\/05\/cropped-1.png","contentUrl":"https:\/\/budapestcard-hu.com\/wp-content\/uploads\/2024\/05\/cropped-1.png","width":288,"height":269,"caption":"Budapest Card"},"image":{"@id":"https:\/\/budapestcard-hu.com\/#\/schema\/logo\/image\/"}}]}},"_links":{"self":[{"href":"https:\/\/budapestcard-hu.com\/hu\/wp-json\/wp\/v2\/pages\/240","targetHints":{"allow":["GET"]}}],"collection":[{"href":"https:\/\/budapestcard-hu.com\/hu\/wp-json\/wp\/v2\/pages"}],"about":[{"href":"https:\/\/budapestcard-hu.com\/hu\/wp-json\/wp\/v2\/types\/page"}],"author":[{"embeddable":true,"href":"https:\/\/budapestcard-hu.com\/hu\/wp-json\/wp\/v2\/users\/1"}],"replies":[{"embeddable":true,"href":"https:\/\/budapestcard-hu.com\/hu\/wp-json\/wp\/v2\/comments?post=240"}],"version-history":[{"count":0,"href":"https:\/\/budapestcard-hu.com\/hu\/wp-json\/wp\/v2\/pages\/240\/revisions"}],"wp:attachment":[{"href":"https:\/\/budapestcard-hu.com\/hu\/wp-json\/wp\/v2\/media?parent=240"}],"curies":[{"name":"munkaf\u00fczet","href":"https:\/\/api.w.org\/{rel}","templated":true}]}}