{"id":280,"date":"2024-06-21T15:37:48","date_gmt":"2024-06-21T15:37:48","guid":{"rendered":"https:\/\/budapestcard-hu.com\/?page_id=280"},"modified":"2026-03-11T14:18:19","modified_gmt":"2026-03-11T14:18:19","slug":"benne-latnivalok-budapest-kartya","status":"publish","type":"page","link":"https:\/\/budapestcard-hu.com\/hu\/included-attractions-budapest-card\/","title":{"rendered":"Tartalmazott l\u00e1tnival\u00f3k"},"content":{"rendered":"<div data-elementor-type=\"wp-page\" data-elementor-id=\"280\" class=\"elementor elementor-280\">\n\t\t\t\t<div class=\"elementor-element elementor-element-4bd544f elementor-hidden-desktop e-flex e-con-boxed e-con e-parent\" data-id=\"4bd544f\" data-element_type=\"container\" data-e-type=\"container\">\n\t\t\t\t\t<div class=\"e-con-inner\">\n\t\t\t\t<div class=\"elementor-element elementor-element-e82f4a2 elementor-widget elementor-widget-spacer\" data-id=\"e82f4a2\" data-element_type=\"widget\" data-e-type=\"widget\" data-widget_type=\"spacer.default\">\n\t\t\t\t<div class=\"elementor-widget-container\">\n\t\t\t\t\t\t\t<div class=\"elementor-spacer\">\n\t\t\t<div class=\"elementor-spacer-inner\"><\/div>\n\t\t<\/div>\n\t\t\t\t\t\t<\/div>\n\t\t\t\t<\/div>\n\t\t\t\t\t<\/div>\n\t\t\t\t<\/div>\n\t\t<div class=\"elementor-element elementor-element-d549468 e-flex e-con-boxed e-con e-parent\" data-id=\"d549468\" data-element_type=\"container\" data-e-type=\"container\" data-settings=\"{&quot;background_background&quot;:&quot;classic&quot;}\">\n\t\t\t\t\t<div class=\"e-con-inner\">\n\t\t\t\t<div class=\"elementor-element elementor-element-195614f elementor-widget elementor-widget-heading\" data-id=\"195614f\" data-element_type=\"widget\" data-e-type=\"widget\" data-widget_type=\"heading.default\">\n\t\t\t\t<div class=\"elementor-widget-container\">\n\t\t\t\t\t<h2 class=\"elementor-heading-title elementor-size-default\">L\u00e1tnival\u00f3k a Budapest K\u00e1rty\u00e1ban<\/h2>\t\t\t\t<\/div>\n\t\t\t\t<\/div>\n\t\t\t\t\t<\/div>\n\t\t\t\t<\/div>\n\t\t<div class=\"elementor-element elementor-element-e7a5ce8 e-flex e-con-boxed e-con e-parent\" data-id=\"e7a5ce8\" data-element_type=\"container\" data-e-type=\"container\">\n\t\t\t\t\t<div class=\"e-con-inner\">\n\t\t\t\t<div class=\"elementor-element elementor-element-4282d7f elementor-widget elementor-widget-text-editor\" data-id=\"4282d7f\" data-element_type=\"widget\" data-e-type=\"widget\" data-widget_type=\"text-editor.default\">\n\t\t\t\t<div class=\"elementor-widget-container\">\n\t\t\t\t\t\t\t\t\t<p>Tekintse meg al\u00e1bb a Budapest K\u00e1rtya TOP 10 ingyenes l\u00e1tnival\u00f3it, valamint az aj\u00e1nlatok \u00e9s kedvezm\u00e9nyek teljes list\u00e1j\u00e1t!<\/p>\t\t\t\t\t\t\t\t<\/div>\n\t\t\t\t<\/div>\n\t\t\t\t\t<\/div>\n\t\t\t\t<\/div>\n\t\t<div class=\"elementor-element elementor-element-6629e4b e-flex e-con-boxed e-con e-parent\" data-id=\"6629e4b\" data-element_type=\"container\" data-e-type=\"container\" data-settings=\"{&quot;background_background&quot;:&quot;classic&quot;}\">\n\t\t\t\t\t<div class=\"e-con-inner\">\n\t\t\t\t<div class=\"elementor-element elementor-element-2e9c388 elementor-hidden-tablet elementor-hidden-mobile elementor-widget elementor-widget-image\" data-id=\"2e9c388\" data-element_type=\"widget\" data-e-type=\"widget\" data-widget_type=\"image.default\">\n\t\t\t\t<div class=\"elementor-widget-container\">\n\t\t\t\t\t\t\t\t\t\t\t\t\t\t\t<img fetchpriority=\"high\" decoding=\"async\" width=\"2000\" height=\"1414\" src=\"https:\/\/budapestcard-hu.com\/wp-content\/uploads\/2024\/06\/Included-Attractions-Budapest-Card_EN.png\" class=\"attachment-full size-full wp-image-283\" alt=\"Tartalmazott l\u00e1tnival\u00f3k a Budapest Card_EN-ben\" srcset=\"https:\/\/budapestcard-hu.com\/wp-content\/uploads\/2024\/06\/Included-Attractions-Budapest-Card_EN.png 2000w, https:\/\/budapestcard-hu.com\/wp-content\/uploads\/2024\/06\/Included-Attractions-Budapest-Card_EN-300x212.png 300w, https:\/\/budapestcard-hu.com\/wp-content\/uploads\/2024\/06\/Included-Attractions-Budapest-Card_EN-1024x724.png 1024w, https:\/\/budapestcard-hu.com\/wp-content\/uploads\/2024\/06\/Included-Attractions-Budapest-Card_EN-768x543.png 768w, https:\/\/budapestcard-hu.com\/wp-content\/uploads\/2024\/06\/Included-Attractions-Budapest-Card_EN-1536x1086.png 1536w\" sizes=\"(max-width: 2000px) 100vw, 2000px\" \/>\t\t\t\t\t\t\t\t\t\t\t\t\t\t\t<\/div>\n\t\t\t\t<\/div>\n\t\t\t\t<div class=\"elementor-element elementor-element-d182c13 elementor-hidden-desktop elementor-widget elementor-widget-image\" data-id=\"d182c13\" data-element_type=\"widget\" data-e-type=\"widget\" data-widget_type=\"image.default\">\n\t\t\t\t<div class=\"elementor-widget-container\">\n\t\t\t\t\t\t\t\t\t\t\t\t\t\t\t<img decoding=\"async\" width=\"2000\" height=\"1414\" src=\"https:\/\/budapestcard-hu.com\/wp-content\/uploads\/2024\/06\/Mobile-Included-Attractions-Budapest-Card_EN.png\" class=\"attachment-full size-full wp-image-344\" alt=\"Mobil Included Attractions Budapest Card_HU\" srcset=\"https:\/\/budapestcard-hu.com\/wp-content\/uploads\/2024\/06\/Mobile-Included-Attractions-Budapest-Card_EN.png 2000w, https:\/\/budapestcard-hu.com\/wp-content\/uploads\/2024\/06\/Mobile-Included-Attractions-Budapest-Card_EN-300x212.png 300w, https:\/\/budapestcard-hu.com\/wp-content\/uploads\/2024\/06\/Mobile-Included-Attractions-Budapest-Card_EN-1024x724.png 1024w, https:\/\/budapestcard-hu.com\/wp-content\/uploads\/2024\/06\/Mobile-Included-Attractions-Budapest-Card_EN-768x543.png 768w, https:\/\/budapestcard-hu.com\/wp-content\/uploads\/2024\/06\/Mobile-Included-Attractions-Budapest-Card_EN-1536x1086.png 1536w\" sizes=\"(max-width: 2000px) 100vw, 2000px\" \/>\t\t\t\t\t\t\t\t\t\t\t\t\t\t\t<\/div>\n\t\t\t\t<\/div>\n\t\t\t\t<div class=\"elementor-element elementor-element-c59e6c1 elementor-widget elementor-widget-html\" data-id=\"c59e6c1\" data-element_type=\"widget\" data-e-type=\"widget\" data-widget_type=\"html.default\">\n\t\t\t\t<div class=\"elementor-widget-container\">\n\t\t\t\t\t<div data-tiqets-widget=\"availability\" data-layout=\"full\" data-orientation=\"vertical\" data-product-id=\"974576\" data-partner=\"budapestcard-hu\" data-tq-campaign=\"AttractionsPage\"><\/div>\t\t\t\t<\/div>\n\t\t\t\t<\/div>\n\t\t\t\t<div class=\"elementor-element elementor-element-381be45 elementor-hidden-desktop elementor-widget elementor-widget-heading\" data-id=\"381be45\" data-element_type=\"widget\" data-e-type=\"widget\" data-widget_type=\"heading.default\">\n\t\t\t\t<div class=\"elementor-widget-container\">\n\t\t\t\t\t<h2 class=\"elementor-heading-title elementor-size-default\"><a href=\"https:\/\/budapestcard-hu.com\/wp-content\/uploads\/2025\/12\/Included-Attractions-Budapest-Card-Partner-2025_2026.pdf\" target=\"_blank\">N\u00e9zze meg itt a teljes list\u00e1t<\/a><\/h2>\t\t\t\t<\/div>\n\t\t\t\t<\/div>\n\t\t\t\t\t<\/div>\n\t\t\t\t<\/div>\n\t\t<div class=\"elementor-element elementor-element-807b7de e-flex e-con-boxed e-con e-parent\" data-id=\"807b7de\" data-element_type=\"container\" data-e-type=\"container\">\n\t\t\t\t\t<div class=\"e-con-inner\">\n\t\t\t\t<div class=\"elementor-element elementor-element-8aab6d4 elementor-hidden-tablet elementor-hidden-mobile elementor-widget elementor-widget-heading\" data-id=\"8aab6d4\" data-element_type=\"widget\" data-e-type=\"widget\" data-widget_type=\"heading.default\">\n\t\t\t\t<div class=\"elementor-widget-container\">\n\t\t\t\t\t<h2 class=\"elementor-heading-title elementor-size-default\"><a href=\"https:\/\/budapestcard-hu.com\/wp-content\/uploads\/2025\/12\/Included-Attractions-Budapest-Card-Partner-2025_2026.pdf\" target=\"_blank\">N\u00e9zze meg itt a teljes list\u00e1t<\/a><\/h2>\t\t\t\t<\/div>\n\t\t\t\t<\/div>\n\t\t\t\t\t<\/div>\n\t\t\t\t<\/div>\n\t\t<div class=\"elementor-element elementor-element-fc4fc62 e-flex e-con-boxed e-con e-parent\" data-id=\"fc4fc62\" data-element_type=\"container\" data-e-type=\"container\">\n\t\t\t\t\t<div class=\"e-con-inner\">\n\t\t\t\t<div class=\"elementor-element elementor-element-381f9f8 elementor-align-center elementor-widget elementor-widget-button\" data-id=\"381f9f8\" data-element_type=\"widget\" data-e-type=\"widget\" data-widget_type=\"button.default\">\n\t\t\t\t<div class=\"elementor-widget-container\">\n\t\t\t\t\t\t\t\t\t<div class=\"elementor-button-wrapper\">\n\t\t\t\t\t<a class=\"elementor-button elementor-button-link elementor-size-sm\" href=\"https:\/\/www.tiqets.com\/checkout\/tickets-for-budapest-card-30-attractions-with-szt-lukacs-thermal-bath-and-pool-p974576\/booking_details\/?partner=budapestcard-hu&#038;tq_campaign=Bottom_AttractionsPage\" target=\"_blank\">\n\t\t\t\t\t\t<span class=\"elementor-button-content-wrapper\">\n\t\t\t\t\t\t<span class=\"elementor-button-icon\">\n\t\t\t\t<svg aria-hidden=\"true\" class=\"e-font-icon-svg e-fas-shopping-cart\" viewbox=\"0 0 576 512\" xmlns=\"http:\/\/www.w3.org\/2000\/svg\"><path d=\"M528.12 301.319l47.273-208C578.806 78.301 567.391 64 551.99 64H159.208l-9.166-44.81C147.758 8.021 137.93 0 126.529 0H24C10.745 0 0 10.745 0 24v16c0 13.255 10.745 24 24 24h69.883l70.248 343.435C147.325 417.1 136 435.222 136 456c0 30.928 25.072 56 56 56s56-25.072 56-56c0-15.674-6.447-29.835-16.824-40h209.647C430.447 426.165 424 440.326 424 456c0 30.928 25.072 56 56 56s56-25.072 56-56c0-22.172-12.888-41.332-31.579-50.405l5.517-24.276c3.413-15.018-8.002-29.319-23.403-29.319H218.117l-6.545-32h293.145c11.206 0 20.92-7.754 23.403-18.681z\"><\/path><\/svg>\t\t\t<\/span>\n\t\t\t\t\t\t\t\t\t<span class=\"elementor-button-text\">V\u00e1s\u00e1rolja meg BUDAPEST K\u00c1RTY\u00c1T itt!<\/span>\n\t\t\t\t\t<\/span>\n\t\t\t\t\t<\/a>\n\t\t\t\t<\/div>\n\t\t\t\t\t\t\t\t<\/div>\n\t\t\t\t<\/div>\n\t\t\t\t\t<\/div>\n\t\t\t\t<\/div>\n\t\t\t\t<\/div>","protected":false},"excerpt":{"rendered":"<p>L\u00e1tnival\u00f3k a Budapest K\u00e1rty\u00e1n Tekintse meg az ingyenes TOP 10 l\u00e1tnival\u00f3t a Budapest K\u00e1rty\u00e1n, valamint az aj\u00e1nlatok \u00e9s kedvezm\u00e9nyek teljes list\u00e1j\u00e1t! Itt tekintheti meg a teljes list\u00e1t Tekintse meg itt a teljes list\u00e1t V\u00e1s\u00e1rolja meg BUDAPEST K\u00c1RTY\u00c1J\u00c1T itt!<\/p>","protected":false},"author":1,"featured_media":23,"parent":0,"menu_order":0,"comment_status":"closed","ping_status":"closed","template":"page-templates\/template-pagebuilder-full-width.php","meta":{"footnotes":""},"class_list":["post-280","page","type-page","status-publish","has-post-thumbnail","hentry"],"yoast_head":"<!-- This site is optimized with the Yoast SEO plugin v27.4 - https:\/\/yoast.com\/product\/yoast-seo-wordpress\/ -->\n<title>Included Attractions in Budapest Card - Free tickets and discounts!<\/title>\n<meta name=\"description\" content=\"Want to know what are the included attractions in Budapest Card? Enjoy unlimited public transportation and access to St. Luk\u00e1cs Thermal Bath!\" \/>\n<meta name=\"robots\" content=\"index, follow, max-snippet:-1, max-image-preview:large, max-video-preview:-1\" \/>\n<link rel=\"canonical\" href=\"https:\/\/budapestcard-hu.com\/hu\/benne-latnivalok-budapest-kartya\/\" \/>\n<meta property=\"og:locale\" content=\"hu_HU\" \/>\n<meta property=\"og:type\" content=\"article\" \/>\n<meta property=\"og:title\" content=\"Included Attractions in Budapest Card - Free tickets and discounts!\" \/>\n<meta property=\"og:description\" content=\"Want to know what are the included attractions in Budapest Card? Enjoy unlimited public transportation and access to St. Luk\u00e1cs Thermal Bath!\" \/>\n<meta property=\"og:url\" content=\"https:\/\/budapestcard-hu.com\/hu\/benne-latnivalok-budapest-kartya\/\" \/>\n<meta property=\"og:site_name\" content=\"Budapest Card\" \/>\n<meta property=\"article:modified_time\" content=\"2026-03-11T14:18:19+00:00\" \/>\n<meta property=\"og:image\" content=\"https:\/\/budapestcard-hu.com\/wp-content\/uploads\/2024\/05\/Budapest-4-scaled.webp\" \/>\n\t<meta property=\"og:image:width\" content=\"2560\" \/>\n\t<meta property=\"og:image:height\" content=\"1707\" \/>\n\t<meta property=\"og:image:type\" content=\"image\/webp\" \/>\n<meta name=\"twitter:card\" content=\"summary_large_image\" \/>\n<meta name=\"twitter:label1\" content=\"Becs\u00fclt olvas\u00e1si id\u0151\" \/>\n\t<meta name=\"twitter:data1\" content=\"1 perc\" \/>\n<script type=\"application\/ld+json\" class=\"yoast-schema-graph\">{\"@context\":\"https:\\\/\\\/schema.org\",\"@graph\":[{\"@type\":\"WebPage\",\"@id\":\"https:\\\/\\\/budapestcard-hu.com\\\/included-attractions-budapest-card\\\/\",\"url\":\"https:\\\/\\\/budapestcard-hu.com\\\/included-attractions-budapest-card\\\/\",\"name\":\"Included Attractions in Budapest Card - Free tickets and discounts!\",\"isPartOf\":{\"@id\":\"https:\\\/\\\/budapestcard-hu.com\\\/#website\"},\"primaryImageOfPage\":{\"@id\":\"https:\\\/\\\/budapestcard-hu.com\\\/included-attractions-budapest-card\\\/#primaryimage\"},\"image\":{\"@id\":\"https:\\\/\\\/budapestcard-hu.com\\\/included-attractions-budapest-card\\\/#primaryimage\"},\"thumbnailUrl\":\"https:\\\/\\\/budapestcard-hu.com\\\/wp-content\\\/uploads\\\/2024\\\/05\\\/Budapest-4-scaled.webp\",\"datePublished\":\"2024-06-21T15:37:48+00:00\",\"dateModified\":\"2026-03-11T14:18:19+00:00\",\"description\":\"Want to know what are the included attractions in Budapest Card? Enjoy unlimited public transportation and access to St. Luk\u00e1cs Thermal Bath!\",\"breadcrumb\":{\"@id\":\"https:\\\/\\\/budapestcard-hu.com\\\/included-attractions-budapest-card\\\/#breadcrumb\"},\"inLanguage\":\"hu\",\"potentialAction\":[{\"@type\":\"ReadAction\",\"target\":[\"https:\\\/\\\/budapestcard-hu.com\\\/included-attractions-budapest-card\\\/\"]}]},{\"@type\":\"ImageObject\",\"inLanguage\":\"hu\",\"@id\":\"https:\\\/\\\/budapestcard-hu.com\\\/included-attractions-budapest-card\\\/#primaryimage\",\"url\":\"https:\\\/\\\/budapestcard-hu.com\\\/wp-content\\\/uploads\\\/2024\\\/05\\\/Budapest-4-scaled.webp\",\"contentUrl\":\"https:\\\/\\\/budapestcard-hu.com\\\/wp-content\\\/uploads\\\/2024\\\/05\\\/Budapest-4-scaled.webp\",\"width\":2560,\"height\":1707,\"caption\":\"Included Attractions in Budapest Card\"},{\"@type\":\"BreadcrumbList\",\"@id\":\"https:\\\/\\\/budapestcard-hu.com\\\/included-attractions-budapest-card\\\/#breadcrumb\",\"itemListElement\":[{\"@type\":\"ListItem\",\"position\":1,\"name\":\"Home\",\"item\":\"https:\\\/\\\/budapestcard-hu.com\\\/\"},{\"@type\":\"ListItem\",\"position\":2,\"name\":\"Included Attractions\"}]},{\"@type\":\"WebSite\",\"@id\":\"https:\\\/\\\/budapestcard-hu.com\\\/#website\",\"url\":\"https:\\\/\\\/budapestcard-hu.com\\\/\",\"name\":\"Budapest Card\",\"description\":\"\",\"publisher\":{\"@id\":\"https:\\\/\\\/budapestcard-hu.com\\\/#organization\"},\"potentialAction\":[{\"@type\":\"SearchAction\",\"target\":{\"@type\":\"EntryPoint\",\"urlTemplate\":\"https:\\\/\\\/budapestcard-hu.com\\\/?s={search_term_string}\"},\"query-input\":{\"@type\":\"PropertyValueSpecification\",\"valueRequired\":true,\"valueName\":\"search_term_string\"}}],\"inLanguage\":\"hu\"},{\"@type\":\"Organization\",\"@id\":\"https:\\\/\\\/budapestcard-hu.com\\\/#organization\",\"name\":\"Budapest Card\",\"url\":\"https:\\\/\\\/budapestcard-hu.com\\\/\",\"logo\":{\"@type\":\"ImageObject\",\"inLanguage\":\"hu\",\"@id\":\"https:\\\/\\\/budapestcard-hu.com\\\/#\\\/schema\\\/logo\\\/image\\\/\",\"url\":\"https:\\\/\\\/budapestcard-hu.com\\\/wp-content\\\/uploads\\\/2024\\\/05\\\/cropped-1.png\",\"contentUrl\":\"https:\\\/\\\/budapestcard-hu.com\\\/wp-content\\\/uploads\\\/2024\\\/05\\\/cropped-1.png\",\"width\":288,\"height\":269,\"caption\":\"Budapest Card\"},\"image\":{\"@id\":\"https:\\\/\\\/budapestcard-hu.com\\\/#\\\/schema\\\/logo\\\/image\\\/\"}}]}<\/script>\n<!-- \/ Yoast SEO plugin. -->","yoast_head_json":{"title":"L\u00e1tnival\u00f3k a Budapest Cardban - Ingyenes jegyek \u00e9s kedvezm\u00e9nyek!","description":"Szeretn\u00e9 tudni, hogy melyek a Budapest Card l\u00e1tnival\u00f3i? \u00c9lvezze a korl\u00e1tlan t\u00f6megk\u00f6zleked\u00e9st \u00e9s a Szent Luk\u00e1cs Term\u00e1lf\u00fcrd\u0151 bel\u00e9p\u00e9s\u00e9t!","robots":{"index":"index","follow":"follow","max-snippet":"max-snippet:-1","max-image-preview":"max-image-preview:large","max-video-preview":"max-video-preview:-1"},"canonical":"https:\/\/budapestcard-hu.com\/hu\/benne-latnivalok-budapest-kartya\/","og_locale":"hu_HU","og_type":"article","og_title":"Included Attractions in Budapest Card - Free tickets and discounts!","og_description":"Want to know what are the included attractions in Budapest Card? Enjoy unlimited public transportation and access to St. Luk\u00e1cs Thermal Bath!","og_url":"https:\/\/budapestcard-hu.com\/hu\/benne-latnivalok-budapest-kartya\/","og_site_name":"Budapest Card","article_modified_time":"2026-03-11T14:18:19+00:00","og_image":[{"width":2560,"height":1707,"url":"https:\/\/budapestcard-hu.com\/wp-content\/uploads\/2024\/05\/Budapest-4-scaled.webp","type":"image\/webp"}],"twitter_card":"summary_large_image","twitter_misc":{"Becs\u00fclt olvas\u00e1si id\u0151":"1 perc"},"schema":{"@context":"https:\/\/schema.org","@graph":[{"@type":"WebPage","@id":"https:\/\/budapestcard-hu.com\/included-attractions-budapest-card\/","url":"https:\/\/budapestcard-hu.com\/included-attractions-budapest-card\/","name":"L\u00e1tnival\u00f3k a Budapest Cardban - Ingyenes jegyek \u00e9s kedvezm\u00e9nyek!","isPartOf":{"@id":"https:\/\/budapestcard-hu.com\/#website"},"primaryImageOfPage":{"@id":"https:\/\/budapestcard-hu.com\/included-attractions-budapest-card\/#primaryimage"},"image":{"@id":"https:\/\/budapestcard-hu.com\/included-attractions-budapest-card\/#primaryimage"},"thumbnailUrl":"https:\/\/budapestcard-hu.com\/wp-content\/uploads\/2024\/05\/Budapest-4-scaled.webp","datePublished":"2024-06-21T15:37:48+00:00","dateModified":"2026-03-11T14:18:19+00:00","description":"Szeretn\u00e9 tudni, hogy melyek a Budapest Card l\u00e1tnival\u00f3i? \u00c9lvezze a korl\u00e1tlan t\u00f6megk\u00f6zleked\u00e9st \u00e9s a Szent Luk\u00e1cs Term\u00e1lf\u00fcrd\u0151 bel\u00e9p\u00e9s\u00e9t!","breadcrumb":{"@id":"https:\/\/budapestcard-hu.com\/included-attractions-budapest-card\/#breadcrumb"},"inLanguage":"hu","potentialAction":[{"@type":"ReadAction","target":["https:\/\/budapestcard-hu.com\/included-attractions-budapest-card\/"]}]},{"@type":"ImageObject","inLanguage":"hu","@id":"https:\/\/budapestcard-hu.com\/included-attractions-budapest-card\/#primaryimage","url":"https:\/\/budapestcard-hu.com\/wp-content\/uploads\/2024\/05\/Budapest-4-scaled.webp","contentUrl":"https:\/\/budapestcard-hu.com\/wp-content\/uploads\/2024\/05\/Budapest-4-scaled.webp","width":2560,"height":1707,"caption":"Included Attractions in Budapest Card"},{"@type":"BreadcrumbList","@id":"https:\/\/budapestcard-hu.com\/included-attractions-budapest-card\/#breadcrumb","itemListElement":[{"@type":"ListItem","position":1,"name":"Home","item":"https:\/\/budapestcard-hu.com\/"},{"@type":"ListItem","position":2,"name":"Included Attractions"}]},{"@type":"WebSite","@id":"https:\/\/budapestcard-hu.com\/#website","url":"https:\/\/budapestcard-hu.com\/","name":"Budapest K\u00e1rtya","description":"","publisher":{"@id":"https:\/\/budapestcard-hu.com\/#organization"},"potentialAction":[{"@type":"SearchAction","target":{"@type":"EntryPoint","urlTemplate":"https:\/\/budapestcard-hu.com\/?s={search_term_string}"},"query-input":{"@type":"PropertyValueSpecification","valueRequired":true,"valueName":"search_term_string"}}],"inLanguage":"hu"},{"@type":"Organization","@id":"https:\/\/budapestcard-hu.com\/#organization","name":"Budapest K\u00e1rtya","url":"https:\/\/budapestcard-hu.com\/","logo":{"@type":"ImageObject","inLanguage":"hu","@id":"https:\/\/budapestcard-hu.com\/#\/schema\/logo\/image\/","url":"https:\/\/budapestcard-hu.com\/wp-content\/uploads\/2024\/05\/cropped-1.png","contentUrl":"https:\/\/budapestcard-hu.com\/wp-content\/uploads\/2024\/05\/cropped-1.png","width":288,"height":269,"caption":"Budapest Card"},"image":{"@id":"https:\/\/budapestcard-hu.com\/#\/schema\/logo\/image\/"}}]}},"_links":{"self":[{"href":"https:\/\/budapestcard-hu.com\/hu\/wp-json\/wp\/v2\/pages\/280","targetHints":{"allow":["GET"]}}],"collection":[{"href":"https:\/\/budapestcard-hu.com\/hu\/wp-json\/wp\/v2\/pages"}],"about":[{"href":"https:\/\/budapestcard-hu.com\/hu\/wp-json\/wp\/v2\/types\/page"}],"author":[{"embeddable":true,"href":"https:\/\/budapestcard-hu.com\/hu\/wp-json\/wp\/v2\/users\/1"}],"replies":[{"embeddable":true,"href":"https:\/\/budapestcard-hu.com\/hu\/wp-json\/wp\/v2\/comments?post=280"}],"version-history":[{"count":0,"href":"https:\/\/budapestcard-hu.com\/hu\/wp-json\/wp\/v2\/pages\/280\/revisions"}],"wp:featuredmedia":[{"embeddable":true,"href":"https:\/\/budapestcard-hu.com\/hu\/wp-json\/wp\/v2\/media\/23"}],"wp:attachment":[{"href":"https:\/\/budapestcard-hu.com\/hu\/wp-json\/wp\/v2\/media?parent=280"}],"curies":[{"name":"munkaf\u00fczet","href":"https:\/\/api.w.org\/{rel}","templated":true}]}}