{"id":240,"date":"2024-05-29T13:49:31","date_gmt":"2024-05-29T13:49:31","guid":{"rendered":"https:\/\/budapestcard-hu.com\/?page_id=240"},"modified":"2025-12-30T16:01:03","modified_gmt":"2025-12-30T16:01:03","slug":"polityka-prywatnosci-i-plikow-cookie","status":"publish","type":"page","link":"https:\/\/budapestcard-hu.com\/pl\/privacy-cookies-policy\/","title":{"rendered":"Polityka prywatno\u015bci i plik\u00f3w cookie"},"content":{"rendered":"<div data-elementor-type=\"wp-page\" data-elementor-id=\"240\" class=\"elementor elementor-240\">\n\t\t\t\t<div class=\"elementor-element elementor-element-fe3d49e e-flex e-con-boxed e-con e-parent\" data-id=\"fe3d49e\" data-element_type=\"container\" data-e-type=\"container\">\n\t\t\t\t\t<div class=\"e-con-inner\">\n\t\t\t\t<div class=\"elementor-element elementor-element-d718b29 elementor-widget elementor-widget-spacer\" data-id=\"d718b29\" data-element_type=\"widget\" data-e-type=\"widget\" data-widget_type=\"spacer.default\">\n\t\t\t\t<div class=\"elementor-widget-container\">\n\t\t\t\t\t\t\t<div class=\"elementor-spacer\">\n\t\t\t<div class=\"elementor-spacer-inner\"><\/div>\n\t\t<\/div>\n\t\t\t\t\t\t<\/div>\n\t\t\t\t<\/div>\n\t\t\t\t\t<\/div>\n\t\t\t\t<\/div>\n\t\t<div class=\"elementor-element elementor-element-c4020df e-flex e-con-boxed e-con e-parent\" data-id=\"c4020df\" data-element_type=\"container\" data-e-type=\"container\" data-settings=\"{&quot;background_background&quot;:&quot;classic&quot;}\">\n\t\t\t\t\t<div class=\"e-con-inner\">\n\t\t\t\t<div class=\"elementor-element elementor-element-0d90be4 elementor-widget elementor-widget-heading\" data-id=\"0d90be4\" data-element_type=\"widget\" data-e-type=\"widget\" data-widget_type=\"heading.default\">\n\t\t\t\t<div class=\"elementor-widget-container\">\n\t\t\t\t\t<h2 class=\"elementor-heading-title elementor-size-default\">Polityka prywatno\u015bci i plik\u00f3w cookie<\/h2>\t\t\t\t<\/div>\n\t\t\t\t<\/div>\n\t\t\t\t\t<\/div>\n\t\t\t\t<\/div>\n\t\t<div class=\"elementor-element elementor-element-0491669 e-flex e-con-boxed e-con e-parent\" data-id=\"0491669\" data-element_type=\"container\" data-e-type=\"container\">\n\t\t\t\t\t<div class=\"e-con-inner\">\n\t\t\t\t<div class=\"elementor-element elementor-element-6efd2a3 elementor-widget elementor-widget-text-editor\" data-id=\"6efd2a3\" data-element_type=\"widget\" data-e-type=\"widget\" data-widget_type=\"text-editor.default\">\n\t\t\t\t<div class=\"elementor-widget-container\">\n\t\t\t\t\t\t\t\t\t<div><p class=\"has-text-align-justify\">Twoja prywatno\u015b\u0107 jest wa\u017cna. Polityka prywatno\u015bci i plik\u00f3w cookie <span lang=\"EN-US\">www.budapestcard-hu.com<\/span> Strona internetowa szanuje Twoj\u0105 prywatno\u015b\u0107 w odniesieniu do wszelkich informacji, kt\u00f3re mog\u0105 by\u0107 gromadzone na stronie internetowej.<\/p><\/div><div><p class=\"has-text-align-justify\">Dane osobowe s\u0105 wymagane tylko wtedy, gdy jest to rzeczywi\u015bcie konieczne do \u015bwiadczenia us\u0142ugi. \u017b\u0105danie to jest sk\u0142adane w spos\u00f3b uczciwy i zgodny z prawem, za Twoj\u0105 wiedz\u0105 i zgod\u0105. Informujemy Ci\u0119 r\u00f3wnie\u017c, dlaczego te dane s\u0105 gromadzone i jak b\u0119d\u0105 wykorzystywane.<\/p><\/div><div><p class=\"has-text-align-justify\">Zebrane informacje s\u0105 przechowywane wy\u0142\u0105cznie przez czas niezb\u0119dny do realizacji \u017c\u0105danej us\u0142ugi. Przechowywane dane s\u0105 chronione za pomoc\u0105 komercyjnie akceptowalnych \u015brodk\u00f3w, aby zapobiec ich utracie i kradzie\u017cy, a tak\u017ce nieautoryzowanemu dost\u0119powi, ujawnieniu, kopiowaniu, wykorzystaniu lub modyfikacji.<\/p><\/div><div><p class=\"has-text-align-justify\">Dane osobowe nie s\u0105 udost\u0119pniane publicznie ani osobom trzecim, chyba \u017ce wymaga tego prawo.<\/p><\/div><div><p class=\"has-text-align-justify\">Ta strona internetowa mo\u017ce zawiera\u0107 linki do zewn\u0119trznych stron internetowych, kt\u00f3re nie s\u0105 przez nas obs\u0142ugiwane. Nale\u017cy pami\u0119ta\u0107, \u017ce <span lang=\"EN-US\">www.budapestcard-hu.com<\/span>\u00a0Witryna nie ma kontroli nad tre\u015bci\u0105 i praktykami stosowanymi na tych witrynach i nie ponosi odpowiedzialno\u015bci za ich polityk\u0119 prywatno\u015bci.<\/p><\/div><div><p class=\"has-text-align-justify\">U\u017cytkownik ma prawo odm\u00f3wi\u0107 podania \u017c\u0105danych danych osobowych, rozumiej\u0105c, \u017ce niekt\u00f3re z po\u017c\u0105danych us\u0142ug mog\u0105 nie zosta\u0107 dostarczone.<\/p><\/div><div><p class=\"has-text-align-justify\">Dalsze korzystanie z tej strony internetowej b\u0119dzie r\u00f3wnoznaczne z akceptacj\u0105 praktyk dotycz\u0105cych prywatno\u015bci i danych osobowych. W przypadku pyta\u0144 dotycz\u0105cych sposobu zarz\u0105dzania danymi u\u017cytkownik\u00f3w i danymi osobowymi lub naszej polityki prywatno\u015bci prosimy o kontakt.<span class=\"apple-converted-space\">\u00a0<\/span>Skontaktuj si\u0119 z nami <a href=\"mailto:info@budapestcard-hu.com\">info@budapestcard-hu.com<\/a>.<\/p><\/div>\t\t\t\t\t\t\t\t<\/div>\n\t\t\t\t<\/div>\n\t\t\t\t\t<\/div>\n\t\t\t\t<\/div>\n\t\t<div class=\"elementor-element elementor-element-40c3955 e-flex e-con-boxed e-con e-parent\" data-id=\"40c3955\" data-element_type=\"container\" data-e-type=\"container\">\n\t\t\t\t\t<div class=\"e-con-inner\">\n\t\t\t\t<div class=\"elementor-element elementor-element-6fc5955 elementor-widget elementor-widget-heading\" data-id=\"6fc5955\" data-element_type=\"widget\" data-e-type=\"widget\" data-widget_type=\"heading.default\">\n\t\t\t\t<div class=\"elementor-widget-container\">\n\t\t\t\t\t<h3 class=\"elementor-heading-title elementor-size-default\">Jakie dane osobowe s\u0105 gromadzone i dlaczego<\/h3>\t\t\t\t<\/div>\n\t\t\t\t<\/div>\n\t\t\t\t<div class=\"elementor-element elementor-element-146dff3 elementor-widget elementor-widget-text-editor\" data-id=\"146dff3\" data-element_type=\"widget\" data-e-type=\"widget\" data-widget_type=\"text-editor.default\">\n\t\t\t\t<div class=\"elementor-widget-container\">\n\t\t\t\t\t\t\t\t\t<p>Dane osobowe nie powstaj\u0105 wy\u0142\u0105cznie w wyniku interakcji u\u017cytkownik\u00f3w ze stron\u0105 internetow\u0105. S\u0105 one tworzone za po\u015brednictwem proces\u00f3w technicznych, takich jak formularze kontaktowe, komentarze, pliki cookie, dane analityczne oraz zaanga\u017cowanie podmiot\u00f3w trzecich.<\/p>\t\t\t\t\t\t\t\t<\/div>\n\t\t\t\t<\/div>\n\t\t\t\t<div class=\"elementor-element elementor-element-3a67e4a elementor-widget elementor-widget-heading\" data-id=\"3a67e4a\" data-element_type=\"widget\" data-e-type=\"widget\" data-widget_type=\"heading.default\">\n\t\t\t\t<div class=\"elementor-widget-container\">\n\t\t\t\t\t<h3 class=\"elementor-heading-title elementor-size-default\">Polityka plik\u00f3w cookie<\/h3>\t\t\t\t<\/div>\n\t\t\t\t<\/div>\n\t\t\t\t<div class=\"elementor-element elementor-element-20ce0c8 elementor-widget elementor-widget-html\" data-id=\"20ce0c8\" data-element_type=\"widget\" data-e-type=\"widget\" data-widget_type=\"html.default\">\n\t\t\t\t<div class=\"elementor-widget-container\">\n\t\t\t\t\t<script id=\"CookieDeclaration\" src=\"https:\/\/consent.cookiebot.com\/137810f1-ae71-4f82-8eef-4a8aee86f2f2\/cd.js\" type=\"text\/javascript\" async><\/script>\t\t\t\t<\/div>\n\t\t\t\t<\/div>\n\t\t\t\t<div class=\"elementor-element elementor-element-9577188 elementor-widget elementor-widget-heading\" data-id=\"9577188\" data-element_type=\"widget\" data-e-type=\"widget\" data-widget_type=\"heading.default\">\n\t\t\t\t<div class=\"elementor-widget-container\">\n\t\t\t\t\t<h5 class=\"elementor-heading-title elementor-size-default\">Osadzone tre\u015bci z innych witryn internetowych<\/h5>\t\t\t\t<\/div>\n\t\t\t\t<\/div>\n\t\t\t\t<div class=\"elementor-element elementor-element-4af8325 elementor-widget elementor-widget-text-editor\" data-id=\"4af8325\" data-element_type=\"widget\" data-e-type=\"widget\" data-widget_type=\"text-editor.default\">\n\t\t\t\t<div class=\"elementor-widget-container\">\n\t\t\t\t\t\t\t\t\t<ul><li>Ta strona internetowa mo\u017ce zawiera\u0107 osadzone tre\u015bci (na przyk\u0142ad filmy, obrazy, artyku\u0142y itp.). Osadzone tre\u015bci z innych stron internetowych zachowuj\u0105 si\u0119 tak, jakby u\u017cytkownik odwiedza\u0142 te strony.<span>.<\/span><\/li><\/ul>\t\t\t\t\t\t\t\t<\/div>\n\t\t\t\t<\/div>\n\t\t\t\t<div class=\"elementor-element elementor-element-adc9b9b elementor-widget elementor-widget-heading\" data-id=\"adc9b9b\" data-element_type=\"widget\" data-e-type=\"widget\" data-widget_type=\"heading.default\">\n\t\t\t\t<div class=\"elementor-widget-container\">\n\t\t\t\t\t<h3 class=\"elementor-heading-title elementor-size-default\">Prawa, kt\u00f3re posiadasz w stosunku do swoich danych<\/h3>\t\t\t\t<\/div>\n\t\t\t\t<\/div>\n\t\t\t\t<div class=\"elementor-element elementor-element-9b92906 elementor-widget elementor-widget-text-editor\" data-id=\"9b92906\" data-element_type=\"widget\" data-e-type=\"widget\" data-widget_type=\"text-editor.default\">\n\t\t\t\t<div class=\"elementor-widget-container\">\n\t\t\t\t\t\t\t\t\t<p><span>Je\u015bli zostawi\u0142e\u015b komentarze na tej stronie, mo\u017cesz poprosi\u0107 o plik eksportowy z danymi osobowymi, kt\u00f3re o Tobie zapisali\u015bmy, w tym wszelkimi danymi, kt\u00f3re poda\u0142e\u015b. Mo\u017cesz r\u00f3wnie\u017c poprosi\u0107 o usuni\u0119cie zapisanych danych. Nie dotyczy to danych osobowych, kt\u00f3rych przechowywanie jest wymagane ze wzgl\u0119d\u00f3w administracyjnych, prawnych lub bezpiecze\u0144stwa.<\/span><\/p><p><span lang=\"EN-US\">Je\u015bli masz jakiekolwiek pytania dotycz\u0105ce naszej polityki prywatno\u015bci lub chcesz zmieni\u0107, zaktualizowa\u0107 lub usun\u0105\u0107 jakiekolwiek dane osobowe, wy\u015blij wiadomo\u015b\u0107 e-mail na adres <a href=\"mailto:info@budapestcard-hu.com\">info@budapestcard-hu.com<\/a><\/span><span lang=\"EN-US\">.<\/span><\/p>\t\t\t\t\t\t\t\t<\/div>\n\t\t\t\t<\/div>\n\t\t\t\t<div class=\"elementor-element elementor-element-f59c542 elementor-widget elementor-widget-heading\" data-id=\"f59c542\" data-element_type=\"widget\" data-e-type=\"widget\" data-widget_type=\"heading.default\">\n\t\t\t\t<div class=\"elementor-widget-container\">\n\t\t\t\t\t<h3 class=\"elementor-heading-title elementor-size-default\">Warunki korzystania z serwisu<\/h3>\t\t\t\t<\/div>\n\t\t\t\t<\/div>\n\t\t\t\t<div class=\"elementor-element elementor-element-efc1b4c elementor-widget elementor-widget-text-editor\" data-id=\"efc1b4c\" data-element_type=\"widget\" data-e-type=\"widget\" data-widget_type=\"text-editor.default\">\n\t\t\t\t<div class=\"elementor-widget-container\">\n\t\t\t\t\t\t\t\t\t<p><span>Je\u015bli masz jakiekolwiek pytania dotycz\u0105ce og\u00f3lnych warunk\u00f3w korzystania z tej witryny internetowej, zapoznaj si\u0119 z nasz\u0105 Polityk\u0105 prywatno\u015bci.\u00a0<\/span><a href=\"https:\/\/budapestcard-hu.com\/pl\/wylaczenie-odpowiedzialnosci-i-warunki\/\">Zastrze\u017cenie i warunki korzystania<\/a><span>\u00a0strona.<\/span><\/p>\t\t\t\t\t\t\t\t<\/div>\n\t\t\t\t<\/div>\n\t\t\t\t\t<\/div>\n\t\t\t\t<\/div>\n\t\t\t\t<\/div>","protected":false},"excerpt":{"rendered":"<p>Privacy &#038; Cookies Policy Your privacy is important. It is the Privacy &amp; Cookies Policy of the www.budapestcard-hu.com website to respect your privacy in relation to any information that may be collected on the website. Personal information is requested only when it is really necessary to provide you with a [&hellip;]<\/p>\n","protected":false},"author":1,"featured_media":0,"parent":0,"menu_order":0,"comment_status":"closed","ping_status":"closed","template":"page-templates\/template-pagebuilder-full-width.php","meta":{"footnotes":""},"class_list":["post-240","page","type-page","status-publish","hentry"],"yoast_head":"<!-- This site is optimized with the Yoast SEO plugin v27.5 - https:\/\/yoast.com\/product\/yoast-seo-wordpress\/ -->\n<title>Privacy &amp; Cookies Policy<\/title>\n<meta name=\"description\" content=\"Please check here the complete Privacy &amp; Cookies Policy of this website in relation to any information that may be collected.\" \/>\n<meta name=\"robots\" content=\"index, follow, max-snippet:-1, max-image-preview:large, max-video-preview:-1\" \/>\n<link rel=\"canonical\" href=\"https:\/\/budapestcard-hu.com\/pl\/polityka-prywatnosci-i-plikow-cookie\/\" \/>\n<meta property=\"og:locale\" content=\"pl_PL\" \/>\n<meta property=\"og:type\" content=\"article\" \/>\n<meta property=\"og:title\" content=\"Privacy &amp; Cookies Policy\" \/>\n<meta property=\"og:description\" content=\"Please check here the complete Privacy &amp; Cookies Policy of this website in relation to any information that may be collected.\" \/>\n<meta property=\"og:url\" content=\"https:\/\/budapestcard-hu.com\/pl\/polityka-prywatnosci-i-plikow-cookie\/\" \/>\n<meta property=\"og:site_name\" content=\"Budapest Card\" \/>\n<meta property=\"article:modified_time\" content=\"2025-12-30T16:01:03+00:00\" \/>\n<meta name=\"twitter:card\" content=\"summary_large_image\" \/>\n<meta name=\"twitter:label1\" content=\"Szacowany czas czytania\" \/>\n\t<meta name=\"twitter:data1\" content=\"2 minuty\" \/>\n<script type=\"application\/ld+json\" class=\"yoast-schema-graph\">{\"@context\":\"https:\\\/\\\/schema.org\",\"@graph\":[{\"@type\":\"WebPage\",\"@id\":\"https:\\\/\\\/budapestcard-hu.com\\\/privacy-cookies-policy\\\/\",\"url\":\"https:\\\/\\\/budapestcard-hu.com\\\/privacy-cookies-policy\\\/\",\"name\":\"Privacy & Cookies Policy\",\"isPartOf\":{\"@id\":\"https:\\\/\\\/budapestcard-hu.com\\\/#website\"},\"datePublished\":\"2024-05-29T13:49:31+00:00\",\"dateModified\":\"2025-12-30T16:01:03+00:00\",\"description\":\"Please check here the complete Privacy & Cookies Policy of this website in relation to any information that may be collected.\",\"breadcrumb\":{\"@id\":\"https:\\\/\\\/budapestcard-hu.com\\\/privacy-cookies-policy\\\/#breadcrumb\"},\"inLanguage\":\"pl-PL\",\"potentialAction\":[{\"@type\":\"ReadAction\",\"target\":[\"https:\\\/\\\/budapestcard-hu.com\\\/privacy-cookies-policy\\\/\"]}]},{\"@type\":\"BreadcrumbList\",\"@id\":\"https:\\\/\\\/budapestcard-hu.com\\\/privacy-cookies-policy\\\/#breadcrumb\",\"itemListElement\":[{\"@type\":\"ListItem\",\"position\":1,\"name\":\"Home\",\"item\":\"https:\\\/\\\/budapestcard-hu.com\\\/\"},{\"@type\":\"ListItem\",\"position\":2,\"name\":\"Privacy &amp; Cookies Policy\"}]},{\"@type\":\"WebSite\",\"@id\":\"https:\\\/\\\/budapestcard-hu.com\\\/#website\",\"url\":\"https:\\\/\\\/budapestcard-hu.com\\\/\",\"name\":\"Budapest Card\",\"description\":\"\",\"publisher\":{\"@id\":\"https:\\\/\\\/budapestcard-hu.com\\\/#organization\"},\"potentialAction\":[{\"@type\":\"SearchAction\",\"target\":{\"@type\":\"EntryPoint\",\"urlTemplate\":\"https:\\\/\\\/budapestcard-hu.com\\\/?s={search_term_string}\"},\"query-input\":{\"@type\":\"PropertyValueSpecification\",\"valueRequired\":true,\"valueName\":\"search_term_string\"}}],\"inLanguage\":\"pl-PL\"},{\"@type\":\"Organization\",\"@id\":\"https:\\\/\\\/budapestcard-hu.com\\\/#organization\",\"name\":\"Budapest Card\",\"url\":\"https:\\\/\\\/budapestcard-hu.com\\\/\",\"logo\":{\"@type\":\"ImageObject\",\"inLanguage\":\"pl-PL\",\"@id\":\"https:\\\/\\\/budapestcard-hu.com\\\/#\\\/schema\\\/logo\\\/image\\\/\",\"url\":\"https:\\\/\\\/budapestcard-hu.com\\\/wp-content\\\/uploads\\\/2024\\\/05\\\/cropped-1.png\",\"contentUrl\":\"https:\\\/\\\/budapestcard-hu.com\\\/wp-content\\\/uploads\\\/2024\\\/05\\\/cropped-1.png\",\"width\":288,\"height\":269,\"caption\":\"Budapest Card\"},\"image\":{\"@id\":\"https:\\\/\\\/budapestcard-hu.com\\\/#\\\/schema\\\/logo\\\/image\\\/\"}}]}<\/script>\n<!-- \/ Yoast SEO plugin. -->","yoast_head_json":{"title":"Polityka prywatno\u015bci i plik\u00f3w cookie","description":"Prosimy o zapoznanie si\u0119 z pe\u0142n\u0105 Polityk\u0105 prywatno\u015bci i plik\u00f3w cookie tej witryny internetowej w odniesieniu do wszelkich informacji, kt\u00f3re mog\u0105 by\u0107 gromadzone.","robots":{"index":"index","follow":"follow","max-snippet":"max-snippet:-1","max-image-preview":"max-image-preview:large","max-video-preview":"max-video-preview:-1"},"canonical":"https:\/\/budapestcard-hu.com\/pl\/polityka-prywatnosci-i-plikow-cookie\/","og_locale":"pl_PL","og_type":"article","og_title":"Privacy & Cookies Policy","og_description":"Please check here the complete Privacy & Cookies Policy of this website in relation to any information that may be collected.","og_url":"https:\/\/budapestcard-hu.com\/pl\/polityka-prywatnosci-i-plikow-cookie\/","og_site_name":"Budapest Card","article_modified_time":"2025-12-30T16:01:03+00:00","twitter_card":"summary_large_image","twitter_misc":{"Szacowany czas czytania":"2 minuty"},"schema":{"@context":"https:\/\/schema.org","@graph":[{"@type":"WebPage","@id":"https:\/\/budapestcard-hu.com\/privacy-cookies-policy\/","url":"https:\/\/budapestcard-hu.com\/privacy-cookies-policy\/","name":"Polityka prywatno\u015bci i plik\u00f3w cookie","isPartOf":{"@id":"https:\/\/budapestcard-hu.com\/#website"},"datePublished":"2024-05-29T13:49:31+00:00","dateModified":"2025-12-30T16:01:03+00:00","description":"Prosimy o zapoznanie si\u0119 z pe\u0142n\u0105 Polityk\u0105 prywatno\u015bci i plik\u00f3w cookie tej witryny internetowej w odniesieniu do wszelkich informacji, kt\u00f3re mog\u0105 by\u0107 gromadzone.","breadcrumb":{"@id":"https:\/\/budapestcard-hu.com\/privacy-cookies-policy\/#breadcrumb"},"inLanguage":"pl-PL","potentialAction":[{"@type":"ReadAction","target":["https:\/\/budapestcard-hu.com\/privacy-cookies-policy\/"]}]},{"@type":"BreadcrumbList","@id":"https:\/\/budapestcard-hu.com\/privacy-cookies-policy\/#breadcrumb","itemListElement":[{"@type":"ListItem","position":1,"name":"Home","item":"https:\/\/budapestcard-hu.com\/"},{"@type":"ListItem","position":2,"name":"Privacy &amp; Cookies Policy"}]},{"@type":"WebSite","@id":"https:\/\/budapestcard-hu.com\/#website","url":"https:\/\/budapestcard-hu.com\/","name":"Karta Budapeszt","description":"","publisher":{"@id":"https:\/\/budapestcard-hu.com\/#organization"},"potentialAction":[{"@type":"SearchAction","target":{"@type":"EntryPoint","urlTemplate":"https:\/\/budapestcard-hu.com\/?s={search_term_string}"},"query-input":{"@type":"PropertyValueSpecification","valueRequired":true,"valueName":"search_term_string"}}],"inLanguage":"pl-PL"},{"@type":"Organization","@id":"https:\/\/budapestcard-hu.com\/#organization","name":"Karta Budapeszt","url":"https:\/\/budapestcard-hu.com\/","logo":{"@type":"ImageObject","inLanguage":"pl-PL","@id":"https:\/\/budapestcard-hu.com\/#\/schema\/logo\/image\/","url":"https:\/\/budapestcard-hu.com\/wp-content\/uploads\/2024\/05\/cropped-1.png","contentUrl":"https:\/\/budapestcard-hu.com\/wp-content\/uploads\/2024\/05\/cropped-1.png","width":288,"height":269,"caption":"Budapest Card"},"image":{"@id":"https:\/\/budapestcard-hu.com\/#\/schema\/logo\/image\/"}}]}},"_links":{"self":[{"href":"https:\/\/budapestcard-hu.com\/pl\/wp-json\/wp\/v2\/pages\/240","targetHints":{"allow":["GET"]}}],"collection":[{"href":"https:\/\/budapestcard-hu.com\/pl\/wp-json\/wp\/v2\/pages"}],"about":[{"href":"https:\/\/budapestcard-hu.com\/pl\/wp-json\/wp\/v2\/types\/page"}],"author":[{"embeddable":true,"href":"https:\/\/budapestcard-hu.com\/pl\/wp-json\/wp\/v2\/users\/1"}],"replies":[{"embeddable":true,"href":"https:\/\/budapestcard-hu.com\/pl\/wp-json\/wp\/v2\/comments?post=240"}],"version-history":[{"count":0,"href":"https:\/\/budapestcard-hu.com\/pl\/wp-json\/wp\/v2\/pages\/240\/revisions"}],"wp:attachment":[{"href":"https:\/\/budapestcard-hu.com\/pl\/wp-json\/wp\/v2\/media?parent=240"}],"curies":[{"name":"wp","href":"https:\/\/api.w.org\/{rel}","templated":true}]}}